{"id":627713,"date":"2024-02-06T18:46:34","date_gmt":"2024-02-06T18:46:34","guid":{"rendered":"https:\/\/aukinkochile.com\/web\/producto\/puzle-madera-duo-transporte\/"},"modified":"2025-11-06T20:12:04","modified_gmt":"2025-11-06T20:12:04","slug":"puzle-madera-duo-transporte","status":"publish","type":"product","link":"https:\/\/aukinkochile.com\/web\/producto\/puzle-madera-duo-transporte\/","title":{"rendered":"Puzle Madera D\u00fao Transporte"},"content":{"rendered":"<p>Divertido puzle de madera d\u00fao para pasar horas de diversi\u00f3n. Incluye 9 figuras geom\u00e9tricas (3 c\u00edrculos, 3 cuadrados y 3 pent\u00e1gonos) divididas en dos piezas cada una ilustradas con simp\u00e1ticos veh\u00edculos. De hermosos colores y dise\u00f1o. Los puzles son juegos que estimulan a los ni\u00f1as y ni\u00f1os en el desarrollo de la coordinaci\u00f3n mano-ojo, el reconocimiento de colores y formas, el pensamiento l\u00f3gico, la concentraci\u00f3n y mucho m\u00e1s. Fabricado en material suave y resistente.<\/p>\n<p><p><strong>Material : <\/strong> Madera<\/p>\n<p><strong>C\u00f3digo Aukinko : <\/strong> 18-259586<\/p>\n<p><strong>C\u00f3digo Convenio Marco : <\/strong> x<\/p>\n","protected":false},"excerpt":{"rendered":"<p>Divertido puzle de madera d\u00fao para pasar horas de diversi\u00f3n. Incluye 9 figuras geom\u00e9tricas (3 c\u00edrculos, 3 cuadrados y 3 pent\u00e1gonos) divididas en dos piezas cada una ilustradas con simp\u00e1ticos veh\u00edculos. De hermosos colores y dise\u00f1o. Los puzles son juegos que estimulan a los ni\u00f1as y ni\u00f1os en el desarrollo de la coordinaci\u00f3n mano-ojo, el [&hellip;]<\/p>\n","protected":false},"featured_media":627712,"comment_status":"open","ping_status":"closed","template":"","meta":{"_et_pb_use_builder":"","_et_pb_old_content":"","_et_gb_content_width":""},"product_brand":[],"product_cat":[91,20,22],"product_tag":[],"class_list":{"0":"post-627713","1":"product","2":"type-product","3":"status-publish","4":"has-post-thumbnail","6":"product_cat-accesorios-sala","7":"product_cat-motricidad-fina","8":"product_cat-puzzles","9":"pa_edad-1-a-2-anos","10":"pa_edad-2-a-3-anos","11":"pa_edad-3-a-4-anos","12":"pa_marca-viga","13":"pa_medidas-20-x-20-x-2","14":"pa_medidas-5-cm","16":"first","17":"instock","18":"shipping-taxable","19":"purchasable","20":"product-type-simple"},"aioseo_notices":[],"_links":{"self":[{"href":"https:\/\/aukinkochile.com\/web\/wp-json\/wp\/v2\/product\/627713","targetHints":{"allow":["GET"]}}],"collection":[{"href":"https:\/\/aukinkochile.com\/web\/wp-json\/wp\/v2\/product"}],"about":[{"href":"https:\/\/aukinkochile.com\/web\/wp-json\/wp\/v2\/types\/product"}],"replies":[{"embeddable":true,"href":"https:\/\/aukinkochile.com\/web\/wp-json\/wp\/v2\/comments?post=627713"}],"wp:featuredmedia":[{"embeddable":true,"href":"https:\/\/aukinkochile.com\/web\/wp-json\/wp\/v2\/media\/627712"}],"wp:attachment":[{"href":"https:\/\/aukinkochile.com\/web\/wp-json\/wp\/v2\/media?parent=627713"}],"wp:term":[{"taxonomy":"product_brand","embeddable":true,"href":"https:\/\/aukinkochile.com\/web\/wp-json\/wp\/v2\/product_brand?post=627713"},{"taxonomy":"product_cat","embeddable":true,"href":"https:\/\/aukinkochile.com\/web\/wp-json\/wp\/v2\/product_cat?post=627713"},{"taxonomy":"product_tag","embeddable":true,"href":"https:\/\/aukinkochile.com\/web\/wp-json\/wp\/v2\/product_tag?post=627713"}],"curies":[{"name":"wp","href":"https:\/\/api.w.org\/{rel}","templated":true}]}}