{"id":627692,"date":"2024-02-06T18:46:26","date_gmt":"2024-02-06T18:46:26","guid":{"rendered":"https:\/\/aukinkochile.com\/web\/producto\/laminas-fotografias-los-deportes\/"},"modified":"2024-02-06T18:46:26","modified_gmt":"2024-02-06T18:46:26","slug":"laminas-fotografias-los-deportes","status":"publish","type":"product","link":"https:\/\/aukinkochile.com\/web\/producto\/laminas-fotografias-los-deportes\/","title":{"rendered":"Laminas Fotograf\u00edas Los Deportes"},"content":{"rendered":"<p>50 fotograf\u00edas que representan diferentes deportes. Im\u00e1genes que sirven para ampliar el vocabulario del ni\u00f1o y aprender de los diferentes deportes. Incluye gu\u00eda pedag\u00f3gica.<\/p>\n<p><p><strong>Material : <\/strong> CARTON GRUESO PLASTIFICADO<\/p>\n<p><strong>C\u00f3digo Aukinko : <\/strong> 14-720561<\/p>\n<p><strong>C\u00f3digo Convenio Marco : <\/strong> x<\/p>\n","protected":false},"excerpt":{"rendered":"<p>50 fotograf\u00edas que representan diferentes deportes. Im\u00e1genes que sirven para ampliar el vocabulario del ni\u00f1o y aprender de los diferentes deportes. Incluye gu\u00eda pedag\u00f3gica. Material : CARTON GRUESO PLASTIFICADO C\u00f3digo Aukinko : 14-720561 C\u00f3digo Convenio Marco : x<\/p>\n","protected":false},"featured_media":627691,"comment_status":"open","ping_status":"closed","template":"","meta":{"_et_pb_use_builder":"","_et_pb_old_content":"","_et_gb_content_width":""},"product_brand":[],"product_cat":[91,150,151],"product_tag":[],"class_list":{"0":"post-627692","1":"product","2":"type-product","3":"status-publish","4":"has-post-thumbnail","6":"product_cat-accesorios-sala","7":"product_cat-asociacion-y-logica","8":"product_cat-lenguaje","9":"pa_edad-3-a-4-anos","10":"pa_edad-4-a-5-anos","11":"pa_edad-5-a-6-anos","12":"pa_edad-6-a-8-anos","13":"pa_marca-interdidak","14":"pa_medidas-4430","15":"pa_medidas-5-cm","16":"pa_medidas-5-x-13","18":"first","19":"instock","20":"shipping-taxable","21":"purchasable","22":"product-type-simple"},"aioseo_notices":[],"_links":{"self":[{"href":"https:\/\/aukinkochile.com\/web\/wp-json\/wp\/v2\/product\/627692","targetHints":{"allow":["GET"]}}],"collection":[{"href":"https:\/\/aukinkochile.com\/web\/wp-json\/wp\/v2\/product"}],"about":[{"href":"https:\/\/aukinkochile.com\/web\/wp-json\/wp\/v2\/types\/product"}],"replies":[{"embeddable":true,"href":"https:\/\/aukinkochile.com\/web\/wp-json\/wp\/v2\/comments?post=627692"}],"wp:featuredmedia":[{"embeddable":true,"href":"https:\/\/aukinkochile.com\/web\/wp-json\/wp\/v2\/media\/627691"}],"wp:attachment":[{"href":"https:\/\/aukinkochile.com\/web\/wp-json\/wp\/v2\/media?parent=627692"}],"wp:term":[{"taxonomy":"product_brand","embeddable":true,"href":"https:\/\/aukinkochile.com\/web\/wp-json\/wp\/v2\/product_brand?post=627692"},{"taxonomy":"product_cat","embeddable":true,"href":"https:\/\/aukinkochile.com\/web\/wp-json\/wp\/v2\/product_cat?post=627692"},{"taxonomy":"product_tag","embeddable":true,"href":"https:\/\/aukinkochile.com\/web\/wp-json\/wp\/v2\/product_tag?post=627692"}],"curies":[{"name":"wp","href":"https:\/\/api.w.org\/{rel}","templated":true}]}}