{"id":627686,"date":"2024-02-06T18:46:24","date_gmt":"2024-02-06T18:46:24","guid":{"rendered":"https:\/\/aukinkochile.com\/web\/producto\/encaje-goma-numeros-goma-10-pz\/"},"modified":"2026-03-27T16:55:38","modified_gmt":"2026-03-27T16:55:38","slug":"encaje-goma-numeros-goma-10-pz","status":"publish","type":"product","link":"https:\/\/aukinkochile.com\/web\/producto\/encaje-goma-numeros-goma-10-pz\/","title":{"rendered":"Encaje Goma N\u00fameros Goma 10 pz"},"content":{"rendered":"<p>Conjunto de 10 cuadrados apilables que refuerzan las habilidades motoras y la coordinaci\u00f3n mano-ojo. Desarrollan el pensamiento l\u00f3gico. Cuando los ni\u00f1os separan y juntan los cuadrados apilables, ayuda a desarrollar m\u00fasculos grandes y peque\u00f1os. Adem\u00e1s se puede aprender colores y n\u00fameros mientras juegan con esta herramienta de entrenamiento. Cada cuadrado es de 6,5 x 6,5 x 2 cm.<\/p>\n<p><p><strong>Material : <\/strong> Goma<\/p>\n<p><strong>C\u00f3digo Aukinko : <\/strong> 14-121024<\/p>\n<p><strong>C\u00f3digo Convenio Marco : <\/strong> x<\/p>\n","protected":false},"excerpt":{"rendered":"<p>Conjunto de 10 cuadrados apilables que refuerzan las habilidades motoras y la coordinaci\u00f3n mano-ojo. Desarrollan el pensamiento l\u00f3gico. Cuando los ni\u00f1os separan y juntan los cuadrados apilables, ayuda a desarrollar m\u00fasculos grandes y peque\u00f1os. Adem\u00e1s se puede aprender colores y n\u00fameros mientras juegan con esta herramienta de entrenamiento. Cada cuadrado es de 6,5 x 6,5 [&hellip;]<\/p>\n","protected":false},"featured_media":627685,"comment_status":"open","ping_status":"closed","template":"","meta":{"_et_pb_use_builder":"","_et_pb_old_content":"","_et_gb_content_width":""},"product_brand":[],"product_cat":[91,19,20],"product_tag":[],"class_list":{"0":"post-627686","1":"product","2":"type-product","3":"status-publish","4":"has-post-thumbnail","6":"product_cat-accesorios-sala","7":"product_cat-construccion","8":"product_cat-motricidad-fina","9":"pa_edad-2-a-3-anos","10":"pa_edad-3-a-4-anos","11":"pa_edad-4-a-5-anos","12":"pa_marca-kkids","13":"pa_medidas-15-x-15-x-3-cm-caja","15":"first","16":"instock","17":"shipping-taxable","18":"purchasable","19":"product-type-simple"},"aioseo_notices":[],"_links":{"self":[{"href":"https:\/\/aukinkochile.com\/web\/wp-json\/wp\/v2\/product\/627686","targetHints":{"allow":["GET"]}}],"collection":[{"href":"https:\/\/aukinkochile.com\/web\/wp-json\/wp\/v2\/product"}],"about":[{"href":"https:\/\/aukinkochile.com\/web\/wp-json\/wp\/v2\/types\/product"}],"replies":[{"embeddable":true,"href":"https:\/\/aukinkochile.com\/web\/wp-json\/wp\/v2\/comments?post=627686"}],"wp:featuredmedia":[{"embeddable":true,"href":"https:\/\/aukinkochile.com\/web\/wp-json\/wp\/v2\/media\/627685"}],"wp:attachment":[{"href":"https:\/\/aukinkochile.com\/web\/wp-json\/wp\/v2\/media?parent=627686"}],"wp:term":[{"taxonomy":"product_brand","embeddable":true,"href":"https:\/\/aukinkochile.com\/web\/wp-json\/wp\/v2\/product_brand?post=627686"},{"taxonomy":"product_cat","embeddable":true,"href":"https:\/\/aukinkochile.com\/web\/wp-json\/wp\/v2\/product_cat?post=627686"},{"taxonomy":"product_tag","embeddable":true,"href":"https:\/\/aukinkochile.com\/web\/wp-json\/wp\/v2\/product_tag?post=627686"}],"curies":[{"name":"wp","href":"https:\/\/api.w.org\/{rel}","templated":true}]}}