{"id":627662,"date":"2024-02-06T18:46:16","date_gmt":"2024-02-06T18:46:16","guid":{"rendered":"https:\/\/aukinkochile.com\/web\/producto\/sonajero-huevo-sonoro-color-bandeja-25-pz\/"},"modified":"2025-11-26T21:59:01","modified_gmt":"2025-11-26T21:59:01","slug":"sonajero-huevo-sonoro-color-bandeja-25-pz","status":"publish","type":"product","link":"https:\/\/aukinkochile.com\/web\/producto\/sonajero-huevo-sonoro-color-bandeja-25-pz\/","title":{"rendered":"Sonajero Huevo Sonoro Color Bandeja 25 pz"},"content":{"rendered":"<p>Bandeja de 25 huevos sonoros de excelente calidad y sonido profesional. Ideal para actividades musicales grupales y para acercar a los m\u00e1s peque\u00f1os al aprendizaje del ritmo. Los instrumentos son ideales para acercar a los ni\u00f1os y ni\u00f1as a la m\u00fasica y as\u00ed desarrollar sus sensibilidad y creatividad. Fabricado en pl\u00e1stico, de material suave y resistente y colores vivos. Colores surtidos. <\/p>\n<p><p><strong>Material : <\/strong> Pl\u00e1stico<\/p>\n<p><strong>C\u00f3digo Aukinko : <\/strong> 12-635926<\/p>\n<p><strong>C\u00f3digo Convenio Marco : <\/strong> x<\/p>\n","protected":false},"excerpt":{"rendered":"<p>Bandeja de 25 huevos sonoros de excelente calidad y sonido profesional. Ideal para actividades musicales grupales y para acercar a los m\u00e1s peque\u00f1os al aprendizaje del ritmo. Los instrumentos son ideales para acercar a los ni\u00f1os y ni\u00f1as a la m\u00fasica y as\u00ed desarrollar sus sensibilidad y creatividad. Fabricado en pl\u00e1stico, de material suave y [&hellip;]<\/p>\n","protected":false},"featured_media":627661,"comment_status":"open","ping_status":"closed","template":"","meta":{"_et_pb_use_builder":"","_et_pb_old_content":"","_et_gb_content_width":""},"product_brand":[],"product_cat":[91,392],"product_tag":[],"class_list":{"0":"post-627662","1":"product","2":"type-product","3":"status-publish","4":"has-post-thumbnail","6":"product_cat-accesorios-sala","7":"product_cat-musica","8":"pa_edad-10-anos","9":"pa_edad-5-a-6-anos","10":"pa_edad-6-a-8-anos","11":"pa_edad-8-a-10-anos","12":"pa_marca-halilit","13":"pa_medidas-6-cm-c-u","15":"first","16":"instock","17":"shipping-taxable","18":"purchasable","19":"product-type-simple"},"aioseo_notices":[],"_links":{"self":[{"href":"https:\/\/aukinkochile.com\/web\/wp-json\/wp\/v2\/product\/627662","targetHints":{"allow":["GET"]}}],"collection":[{"href":"https:\/\/aukinkochile.com\/web\/wp-json\/wp\/v2\/product"}],"about":[{"href":"https:\/\/aukinkochile.com\/web\/wp-json\/wp\/v2\/types\/product"}],"replies":[{"embeddable":true,"href":"https:\/\/aukinkochile.com\/web\/wp-json\/wp\/v2\/comments?post=627662"}],"wp:featuredmedia":[{"embeddable":true,"href":"https:\/\/aukinkochile.com\/web\/wp-json\/wp\/v2\/media\/627661"}],"wp:attachment":[{"href":"https:\/\/aukinkochile.com\/web\/wp-json\/wp\/v2\/media?parent=627662"}],"wp:term":[{"taxonomy":"product_brand","embeddable":true,"href":"https:\/\/aukinkochile.com\/web\/wp-json\/wp\/v2\/product_brand?post=627662"},{"taxonomy":"product_cat","embeddable":true,"href":"https:\/\/aukinkochile.com\/web\/wp-json\/wp\/v2\/product_cat?post=627662"},{"taxonomy":"product_tag","embeddable":true,"href":"https:\/\/aukinkochile.com\/web\/wp-json\/wp\/v2\/product_tag?post=627662"}],"curies":[{"name":"wp","href":"https:\/\/api.w.org\/{rel}","templated":true}]}}