{"id":627645,"date":"2024-02-06T18:46:11","date_gmt":"2024-02-06T18:46:11","guid":{"rendered":"https:\/\/aukinkochile.com\/web\/producto\/ciencia-acc-embudos-set-3\/"},"modified":"2024-02-06T18:46:12","modified_gmt":"2024-02-06T18:46:12","slug":"ciencia-acc-embudos-set-3","status":"publish","type":"product","link":"https:\/\/aukinkochile.com\/web\/producto\/ciencia-acc-embudos-set-3\/","title":{"rendered":"Ciencia Acc. Embudos set 3"},"content":{"rendered":"<p>Set de 3 embudos pl\u00e1sticos traslucidos para las diferentes actividades Cient\u00edficas.<\/p>\n<p><p><strong>Material : <\/strong> PLASTICO<\/p>\n<p><strong>C\u00f3digo Aukinko : <\/strong> 10-337043<\/p>\n<p><strong>C\u00f3digo Convenio Marco : <\/strong> x<\/p>\n","protected":false},"excerpt":{"rendered":"<p>Set de 3 embudos pl\u00e1sticos traslucidos para las diferentes actividades Cient\u00edficas. Material : PLASTICO C\u00f3digo Aukinko : 10-337043 C\u00f3digo Convenio Marco : x<\/p>\n","protected":false},"featured_media":627644,"comment_status":"open","ping_status":"closed","template":"","meta":{"_et_pb_use_builder":"","_et_pb_old_content":"","_et_gb_content_width":""},"product_brand":[],"product_cat":[92],"product_tag":[],"class_list":{"0":"post-627645","1":"product","2":"type-product","3":"status-publish","4":"has-post-thumbnail","6":"product_cat-ciencias","7":"pa_edad-10-anos","8":"pa_edad-5-a-6-anos","9":"pa_edad-6-a-8-anos","10":"pa_edad-8-a-10-anos","11":"pa_marca-commotion","12":"pa_medidas-5-cm-diametro-c-u","13":"pa_medidas-4484","15":"first","16":"instock","17":"shipping-taxable","18":"purchasable","19":"product-type-simple"},"aioseo_notices":[],"_links":{"self":[{"href":"https:\/\/aukinkochile.com\/web\/wp-json\/wp\/v2\/product\/627645","targetHints":{"allow":["GET"]}}],"collection":[{"href":"https:\/\/aukinkochile.com\/web\/wp-json\/wp\/v2\/product"}],"about":[{"href":"https:\/\/aukinkochile.com\/web\/wp-json\/wp\/v2\/types\/product"}],"replies":[{"embeddable":true,"href":"https:\/\/aukinkochile.com\/web\/wp-json\/wp\/v2\/comments?post=627645"}],"wp:featuredmedia":[{"embeddable":true,"href":"https:\/\/aukinkochile.com\/web\/wp-json\/wp\/v2\/media\/627644"}],"wp:attachment":[{"href":"https:\/\/aukinkochile.com\/web\/wp-json\/wp\/v2\/media?parent=627645"}],"wp:term":[{"taxonomy":"product_brand","embeddable":true,"href":"https:\/\/aukinkochile.com\/web\/wp-json\/wp\/v2\/product_brand?post=627645"},{"taxonomy":"product_cat","embeddable":true,"href":"https:\/\/aukinkochile.com\/web\/wp-json\/wp\/v2\/product_cat?post=627645"},{"taxonomy":"product_tag","embeddable":true,"href":"https:\/\/aukinkochile.com\/web\/wp-json\/wp\/v2\/product_tag?post=627645"}],"curies":[{"name":"wp","href":"https:\/\/api.w.org\/{rel}","templated":true}]}}