{"id":627635,"date":"2024-02-06T18:43:48","date_gmt":"2024-02-06T18:43:48","guid":{"rendered":"https:\/\/aukinkochile.com\/web\/producto\/ciencia-acc-cucharas-metricas-set-5\/"},"modified":"2024-02-06T18:43:48","modified_gmt":"2024-02-06T18:43:48","slug":"ciencia-acc-cucharas-metricas-set-5","status":"publish","type":"product","link":"https:\/\/aukinkochile.com\/web\/producto\/ciencia-acc-cucharas-metricas-set-5\/","title":{"rendered":"Ciencia Acc. Cucharas M\u00e9tricas set 5"},"content":{"rendered":"<p>Set de 5 cucharas m\u00e9tricas de distinto tama\u00f1o. Ideal para trabajar en laboratorio o para medir cantidades. De material firme y lavable. 12 cm cuchara grande.<\/p>\n<p><p><strong>Material : <\/strong> PLASTICO<\/p>\n<p><strong>C\u00f3digo Aukinko : <\/strong> 09-42407<\/p>\n<p><strong>C\u00f3digo Convenio Marco : <\/strong> x<\/p>\n","protected":false},"excerpt":{"rendered":"<p>Set de 5 cucharas m\u00e9tricas de distinto tama\u00f1o. Ideal para trabajar en laboratorio o para medir cantidades. De material firme y lavable. 12 cm cuchara grande. Material : PLASTICO C\u00f3digo Aukinko : 09-42407 C\u00f3digo Convenio Marco : x<\/p>\n","protected":false},"featured_media":627634,"comment_status":"open","ping_status":"closed","template":"","meta":{"_et_pb_use_builder":"","_et_pb_old_content":"","_et_gb_content_width":""},"product_brand":[],"product_cat":[92],"product_tag":[],"class_list":{"0":"post-627635","1":"product","2":"type-product","3":"status-publish","4":"has-post-thumbnail","6":"product_cat-ciencias","7":"pa_edad-10-anos","8":"pa_edad-8-a-10-anos","9":"pa_marca-learning","10":"pa_medidas-10-x-20-cm-presentacion","12":"first","13":"instock","14":"shipping-taxable","15":"purchasable","16":"product-type-simple"},"aioseo_notices":[],"_links":{"self":[{"href":"https:\/\/aukinkochile.com\/web\/wp-json\/wp\/v2\/product\/627635","targetHints":{"allow":["GET"]}}],"collection":[{"href":"https:\/\/aukinkochile.com\/web\/wp-json\/wp\/v2\/product"}],"about":[{"href":"https:\/\/aukinkochile.com\/web\/wp-json\/wp\/v2\/types\/product"}],"replies":[{"embeddable":true,"href":"https:\/\/aukinkochile.com\/web\/wp-json\/wp\/v2\/comments?post=627635"}],"wp:featuredmedia":[{"embeddable":true,"href":"https:\/\/aukinkochile.com\/web\/wp-json\/wp\/v2\/media\/627634"}],"wp:attachment":[{"href":"https:\/\/aukinkochile.com\/web\/wp-json\/wp\/v2\/media?parent=627635"}],"wp:term":[{"taxonomy":"product_brand","embeddable":true,"href":"https:\/\/aukinkochile.com\/web\/wp-json\/wp\/v2\/product_brand?post=627635"},{"taxonomy":"product_cat","embeddable":true,"href":"https:\/\/aukinkochile.com\/web\/wp-json\/wp\/v2\/product_cat?post=627635"},{"taxonomy":"product_tag","embeddable":true,"href":"https:\/\/aukinkochile.com\/web\/wp-json\/wp\/v2\/product_tag?post=627635"}],"curies":[{"name":"wp","href":"https:\/\/api.w.org\/{rel}","templated":true}]}}