{"id":627631,"date":"2024-02-06T18:43:46","date_gmt":"2024-02-06T18:43:46","guid":{"rendered":"https:\/\/aukinkochile.com\/web\/producto\/laminas-para-contar-osos\/"},"modified":"2024-02-06T18:43:47","modified_gmt":"2024-02-06T18:43:47","slug":"laminas-para-contar-osos","status":"publish","type":"product","link":"https:\/\/aukinkochile.com\/web\/producto\/laminas-para-contar-osos\/","title":{"rendered":"Laminas para Contar Osos"},"content":{"rendered":"<p>Estas tarjetas para contar son una herramienta que permite a los ni\u00f1os divertirse aprendiendo de las matem\u00e1ticas, a la vez que ayuda a los educadores a monitorear a los ni\u00f1os. 13 cm cada tarjeta aprox.<\/p>\n<p><p><strong>Material : <\/strong> CARTON DURO<\/p>\n<p><strong>C\u00f3digo Aukinko : <\/strong> 09-40774<\/p>\n<p><strong>C\u00f3digo Convenio Marco : <\/strong> x<\/p>\n","protected":false},"excerpt":{"rendered":"<p>Estas tarjetas para contar son una herramienta que permite a los ni\u00f1os divertirse aprendiendo de las matem\u00e1ticas, a la vez que ayuda a los educadores a monitorear a los ni\u00f1os. 13 cm cada tarjeta aprox. Material : CARTON DURO C\u00f3digo Aukinko : 09-40774 C\u00f3digo Convenio Marco : x<\/p>\n","protected":false},"featured_media":627630,"comment_status":"open","ping_status":"closed","template":"","meta":{"_et_pb_use_builder":"","_et_pb_old_content":"","_et_gb_content_width":""},"product_brand":[],"product_cat":[90],"product_tag":[],"class_list":{"0":"post-627631","1":"product","2":"type-product","3":"status-publish","4":"has-post-thumbnail","6":"product_cat-matematicas","7":"pa_edad-3-a-4-anos","8":"pa_edad-4-a-5-anos","9":"pa_edad-5-a-6-anos","10":"pa_edad-6-a-8-anos","11":"pa_marca-learning","12":"pa_medidas-15-x-16-x-3","13":"pa_medidas-5-cm-presentacion","15":"first","16":"instock","17":"shipping-taxable","18":"purchasable","19":"product-type-simple"},"aioseo_notices":[],"_links":{"self":[{"href":"https:\/\/aukinkochile.com\/web\/wp-json\/wp\/v2\/product\/627631","targetHints":{"allow":["GET"]}}],"collection":[{"href":"https:\/\/aukinkochile.com\/web\/wp-json\/wp\/v2\/product"}],"about":[{"href":"https:\/\/aukinkochile.com\/web\/wp-json\/wp\/v2\/types\/product"}],"replies":[{"embeddable":true,"href":"https:\/\/aukinkochile.com\/web\/wp-json\/wp\/v2\/comments?post=627631"}],"wp:featuredmedia":[{"embeddable":true,"href":"https:\/\/aukinkochile.com\/web\/wp-json\/wp\/v2\/media\/627630"}],"wp:attachment":[{"href":"https:\/\/aukinkochile.com\/web\/wp-json\/wp\/v2\/media?parent=627631"}],"wp:term":[{"taxonomy":"product_brand","embeddable":true,"href":"https:\/\/aukinkochile.com\/web\/wp-json\/wp\/v2\/product_brand?post=627631"},{"taxonomy":"product_cat","embeddable":true,"href":"https:\/\/aukinkochile.com\/web\/wp-json\/wp\/v2\/product_cat?post=627631"},{"taxonomy":"product_tag","embeddable":true,"href":"https:\/\/aukinkochile.com\/web\/wp-json\/wp\/v2\/product_tag?post=627631"}],"curies":[{"name":"wp","href":"https:\/\/api.w.org\/{rel}","templated":true}]}}