{"id":627627,"date":"2024-02-06T18:43:45","date_gmt":"2024-02-06T18:43:45","guid":{"rendered":"https:\/\/aukinkochile.com\/web\/producto\/mosaico-100-pz\/"},"modified":"2024-02-06T18:43:46","modified_gmt":"2024-02-06T18:43:46","slug":"mosaico-100-pz","status":"publish","type":"product","link":"https:\/\/aukinkochile.com\/web\/producto\/mosaico-100-pz\/","title":{"rendered":"Mosaico 100 pz"},"content":{"rendered":"<p>100 piezas de 6 diferentes figuras geom\u00e9tricas y en 6 colores para aprender y relacionar tama\u00f1os, formas y colores y dise\u00f1ar mosaicos.<\/p>\n<p><p><strong>Material : <\/strong> MADERA PINTADA<\/p>\n<p><strong>C\u00f3digo Aukinko : <\/strong> 09-160988<\/p>\n<p><strong>C\u00f3digo Convenio Marco : <\/strong> x<\/p>\n","protected":false},"excerpt":{"rendered":"<p>100 piezas de 6 diferentes figuras geom\u00e9tricas y en 6 colores para aprender y relacionar tama\u00f1os, formas y colores y dise\u00f1ar mosaicos. Material : MADERA PINTADA C\u00f3digo Aukinko : 09-160988 C\u00f3digo Convenio Marco : x<\/p>\n","protected":false},"featured_media":627626,"comment_status":"open","ping_status":"closed","template":"","meta":{"_et_pb_use_builder":"","_et_pb_old_content":"","_et_gb_content_width":""},"product_brand":[],"product_cat":[91,90],"product_tag":[],"class_list":{"0":"post-627627","1":"product","2":"type-product","3":"status-publish","4":"has-post-thumbnail","6":"product_cat-accesorios-sala","7":"product_cat-matematicas","8":"pa_edad-10-anos","9":"pa_edad-6-a-8-anos","10":"pa_edad-8-a-10-anos","11":"pa_marca-palkar","12":"pa_medidas-tonel-de-10-x-10-x-15-cm","14":"first","15":"instock","16":"shipping-taxable","17":"purchasable","18":"product-type-simple"},"aioseo_notices":[],"_links":{"self":[{"href":"https:\/\/aukinkochile.com\/web\/wp-json\/wp\/v2\/product\/627627","targetHints":{"allow":["GET"]}}],"collection":[{"href":"https:\/\/aukinkochile.com\/web\/wp-json\/wp\/v2\/product"}],"about":[{"href":"https:\/\/aukinkochile.com\/web\/wp-json\/wp\/v2\/types\/product"}],"replies":[{"embeddable":true,"href":"https:\/\/aukinkochile.com\/web\/wp-json\/wp\/v2\/comments?post=627627"}],"wp:featuredmedia":[{"embeddable":true,"href":"https:\/\/aukinkochile.com\/web\/wp-json\/wp\/v2\/media\/627626"}],"wp:attachment":[{"href":"https:\/\/aukinkochile.com\/web\/wp-json\/wp\/v2\/media?parent=627627"}],"wp:term":[{"taxonomy":"product_brand","embeddable":true,"href":"https:\/\/aukinkochile.com\/web\/wp-json\/wp\/v2\/product_brand?post=627627"},{"taxonomy":"product_cat","embeddable":true,"href":"https:\/\/aukinkochile.com\/web\/wp-json\/wp\/v2\/product_cat?post=627627"},{"taxonomy":"product_tag","embeddable":true,"href":"https:\/\/aukinkochile.com\/web\/wp-json\/wp\/v2\/product_tag?post=627627"}],"curies":[{"name":"wp","href":"https:\/\/api.w.org\/{rel}","templated":true}]}}