{"id":627617,"date":"2024-02-06T18:43:42","date_gmt":"2024-02-06T18:43:42","guid":{"rendered":"https:\/\/aukinkochile.com\/web\/producto\/formas-pentonimio-magnetico\/"},"modified":"2024-02-06T18:43:43","modified_gmt":"2024-02-06T18:43:43","slug":"formas-pentonimio-magnetico","status":"publish","type":"product","link":"https:\/\/aukinkochile.com\/web\/producto\/formas-pentonimio-magnetico\/","title":{"rendered":"Formas Pentonimio Magn\u00e9tico"},"content":{"rendered":"<p>12 formas tetris diferentes de goma eva con im\u00e1n para adherir en pizarras magn\u00e9ticas. Blandas y livianas.<\/p>\n<p><p><strong>Material : <\/strong> GOMA EVA<\/p>\n<p><strong>C\u00f3digo Aukinko : <\/strong> 09-160563<\/p>\n<p><strong>C\u00f3digo Convenio Marco : <\/strong> x<\/p>\n","protected":false},"excerpt":{"rendered":"<p>12 formas tetris diferentes de goma eva con im\u00e1n para adherir en pizarras magn\u00e9ticas. Blandas y livianas. Material : GOMA EVA C\u00f3digo Aukinko : 09-160563 C\u00f3digo Convenio Marco : x<\/p>\n","protected":false},"featured_media":627616,"comment_status":"open","ping_status":"closed","template":"","meta":{"_et_pb_use_builder":"","_et_pb_old_content":"","_et_gb_content_width":""},"product_brand":[],"product_cat":[91,19,20],"product_tag":[],"class_list":{"0":"post-627617","1":"product","2":"type-product","3":"status-publish","4":"has-post-thumbnail","6":"product_cat-accesorios-sala","7":"product_cat-construccion","8":"product_cat-motricidad-fina","9":"pa_edad-4-a-5-anos","10":"pa_edad-5-a-6-anos","11":"pa_edad-6-a-8-anos","12":"pa_marca-palkar","13":"pa_medidas-5-x-5-cm-aprox-c-u","14":"pa_medidas-4484","16":"first","17":"instock","18":"shipping-taxable","19":"purchasable","20":"product-type-simple"},"aioseo_notices":[],"_links":{"self":[{"href":"https:\/\/aukinkochile.com\/web\/wp-json\/wp\/v2\/product\/627617","targetHints":{"allow":["GET"]}}],"collection":[{"href":"https:\/\/aukinkochile.com\/web\/wp-json\/wp\/v2\/product"}],"about":[{"href":"https:\/\/aukinkochile.com\/web\/wp-json\/wp\/v2\/types\/product"}],"replies":[{"embeddable":true,"href":"https:\/\/aukinkochile.com\/web\/wp-json\/wp\/v2\/comments?post=627617"}],"wp:featuredmedia":[{"embeddable":true,"href":"https:\/\/aukinkochile.com\/web\/wp-json\/wp\/v2\/media\/627616"}],"wp:attachment":[{"href":"https:\/\/aukinkochile.com\/web\/wp-json\/wp\/v2\/media?parent=627617"}],"wp:term":[{"taxonomy":"product_brand","embeddable":true,"href":"https:\/\/aukinkochile.com\/web\/wp-json\/wp\/v2\/product_brand?post=627617"},{"taxonomy":"product_cat","embeddable":true,"href":"https:\/\/aukinkochile.com\/web\/wp-json\/wp\/v2\/product_cat?post=627617"},{"taxonomy":"product_tag","embeddable":true,"href":"https:\/\/aukinkochile.com\/web\/wp-json\/wp\/v2\/product_tag?post=627617"}],"curies":[{"name":"wp","href":"https:\/\/api.w.org\/{rel}","templated":true}]}}