{"id":627611,"date":"2024-02-06T18:43:40","date_gmt":"2024-02-06T18:43:40","guid":{"rendered":"https:\/\/aukinkochile.com\/web\/producto\/matematicas-fracciones-geometricas\/"},"modified":"2024-02-06T18:43:41","modified_gmt":"2024-02-06T18:43:41","slug":"matematicas-fracciones-geometricas","status":"publish","type":"product","link":"https:\/\/aukinkochile.com\/web\/producto\/matematicas-fracciones-geometricas\/","title":{"rendered":"Matem\u00e1ticas Fracciones Geom\u00e9tricas"},"content":{"rendered":"<p>64 piezas de figuras geom\u00e9tricas para practicar fracciones. 4 colores diferentes y 6 formas distintas por color.<\/p>\n<p><p><strong>Material : <\/strong> MADERA<\/p>\n<p><strong>C\u00f3digo Aukinko : <\/strong> 09-160500<\/p>\n<p><strong>C\u00f3digo Convenio Marco : <\/strong> x<\/p>\n","protected":false},"excerpt":{"rendered":"<p>64 piezas de figuras geom\u00e9tricas para practicar fracciones. 4 colores diferentes y 6 formas distintas por color. Material : MADERA C\u00f3digo Aukinko : 09-160500 C\u00f3digo Convenio Marco : x<\/p>\n","protected":false},"featured_media":627610,"comment_status":"open","ping_status":"closed","template":"","meta":{"_et_pb_use_builder":"","_et_pb_old_content":"","_et_gb_content_width":""},"product_brand":[],"product_cat":[91,90],"product_tag":[],"class_list":{"0":"post-627611","1":"product","2":"type-product","3":"status-publish","4":"has-post-thumbnail","6":"product_cat-accesorios-sala","7":"product_cat-matematicas","8":"pa_edad-4-a-5-anos","9":"pa_edad-5-a-6-anos","10":"pa_edad-6-a-8-anos","11":"pa_marca-palkar","12":"pa_medidas-5-x-5-cm-c-u-cuadrado-grande","14":"first","15":"instock","16":"shipping-taxable","17":"purchasable","18":"product-type-simple"},"aioseo_notices":[],"_links":{"self":[{"href":"https:\/\/aukinkochile.com\/web\/wp-json\/wp\/v2\/product\/627611","targetHints":{"allow":["GET"]}}],"collection":[{"href":"https:\/\/aukinkochile.com\/web\/wp-json\/wp\/v2\/product"}],"about":[{"href":"https:\/\/aukinkochile.com\/web\/wp-json\/wp\/v2\/types\/product"}],"replies":[{"embeddable":true,"href":"https:\/\/aukinkochile.com\/web\/wp-json\/wp\/v2\/comments?post=627611"}],"wp:featuredmedia":[{"embeddable":true,"href":"https:\/\/aukinkochile.com\/web\/wp-json\/wp\/v2\/media\/627610"}],"wp:attachment":[{"href":"https:\/\/aukinkochile.com\/web\/wp-json\/wp\/v2\/media?parent=627611"}],"wp:term":[{"taxonomy":"product_brand","embeddable":true,"href":"https:\/\/aukinkochile.com\/web\/wp-json\/wp\/v2\/product_brand?post=627611"},{"taxonomy":"product_cat","embeddable":true,"href":"https:\/\/aukinkochile.com\/web\/wp-json\/wp\/v2\/product_cat?post=627611"},{"taxonomy":"product_tag","embeddable":true,"href":"https:\/\/aukinkochile.com\/web\/wp-json\/wp\/v2\/product_tag?post=627611"}],"curies":[{"name":"wp","href":"https:\/\/api.w.org\/{rel}","templated":true}]}}