{"id":627595,"date":"2024-02-06T18:43:34","date_gmt":"2024-02-06T18:43:34","guid":{"rendered":"https:\/\/aukinkochile.com\/web\/producto\/matematicas-varillas-colores-40-pz\/"},"modified":"2024-02-06T18:43:35","modified_gmt":"2024-02-06T18:43:35","slug":"matematicas-varillas-colores-40-pz","status":"publish","type":"product","link":"https:\/\/aukinkochile.com\/web\/producto\/matematicas-varillas-colores-40-pz\/","title":{"rendered":"Matem\u00e1ticas Varillas Colores 40 pz"},"content":{"rendered":"<p>Un juego de multiprop\u00f3sito para jugar, construir, m\u00fasica, medici\u00f3n, clasificaci\u00f3n y contar. 40 varillas de madera cil\u00edndricas en 5 colores diferentes de diferentes tama\u00f1os. (40 cm, 30 cm, 20 cm, y 10 cm) y 42 tarjetas de trabajo. Cuenta con gu\u00eda pedag\u00f3gica en ingles.<\/p>\n<p><p><strong>Material : <\/strong> MADERA PINTADA Y CARTON<\/p>\n<p><strong>C\u00f3digo Aukinko : <\/strong> 09-151800<\/p>\n<p><strong>C\u00f3digo Convenio Marco : <\/strong> x<\/p>\n","protected":false},"excerpt":{"rendered":"<p>Un juego de multiprop\u00f3sito para jugar, construir, m\u00fasica, medici\u00f3n, clasificaci\u00f3n y contar. 40 varillas de madera cil\u00edndricas en 5 colores diferentes de diferentes tama\u00f1os. (40 cm, 30 cm, 20 cm, y 10 cm) y 42 tarjetas de trabajo. Cuenta con gu\u00eda pedag\u00f3gica en ingles. Material : MADERA PINTADA Y CARTON C\u00f3digo Aukinko : 09-151800 C\u00f3digo [&hellip;]<\/p>\n","protected":false},"featured_media":627594,"comment_status":"open","ping_status":"closed","template":"","meta":{"_et_pb_use_builder":"","_et_pb_old_content":"","_et_gb_content_width":""},"product_brand":[],"product_cat":[91,19,90,392],"product_tag":[],"class_list":{"0":"post-627595","1":"product","2":"type-product","3":"status-publish","4":"has-post-thumbnail","6":"product_cat-accesorios-sala","7":"product_cat-construccion","8":"product_cat-matematicas","9":"product_cat-musica","10":"pa_edad-3-a-4-anos","11":"pa_edad-4-a-5-anos","12":"pa_edad-5-a-6-anos","13":"pa_edad-6-a-8-anos","14":"pa_marca-palkar","15":"pa_medidas-caja-45-x-25-x-4-cm","17":"first","18":"instock","19":"shipping-taxable","20":"purchasable","21":"product-type-simple"},"aioseo_notices":[],"_links":{"self":[{"href":"https:\/\/aukinkochile.com\/web\/wp-json\/wp\/v2\/product\/627595","targetHints":{"allow":["GET"]}}],"collection":[{"href":"https:\/\/aukinkochile.com\/web\/wp-json\/wp\/v2\/product"}],"about":[{"href":"https:\/\/aukinkochile.com\/web\/wp-json\/wp\/v2\/types\/product"}],"replies":[{"embeddable":true,"href":"https:\/\/aukinkochile.com\/web\/wp-json\/wp\/v2\/comments?post=627595"}],"wp:featuredmedia":[{"embeddable":true,"href":"https:\/\/aukinkochile.com\/web\/wp-json\/wp\/v2\/media\/627594"}],"wp:attachment":[{"href":"https:\/\/aukinkochile.com\/web\/wp-json\/wp\/v2\/media?parent=627595"}],"wp:term":[{"taxonomy":"product_brand","embeddable":true,"href":"https:\/\/aukinkochile.com\/web\/wp-json\/wp\/v2\/product_brand?post=627595"},{"taxonomy":"product_cat","embeddable":true,"href":"https:\/\/aukinkochile.com\/web\/wp-json\/wp\/v2\/product_cat?post=627595"},{"taxonomy":"product_tag","embeddable":true,"href":"https:\/\/aukinkochile.com\/web\/wp-json\/wp\/v2\/product_tag?post=627595"}],"curies":[{"name":"wp","href":"https:\/\/api.w.org\/{rel}","templated":true}]}}