{"id":627593,"date":"2024-02-06T18:43:34","date_gmt":"2024-02-06T18:43:34","guid":{"rendered":"https:\/\/aukinkochile.com\/web\/producto\/balance-peonza-koala\/"},"modified":"2024-04-29T20:50:11","modified_gmt":"2024-04-29T20:50:11","slug":"balance-peonza-koala","status":"publish","type":"product","link":"https:\/\/aukinkochile.com\/web\/producto\/balance-peonza-koala\/","title":{"rendered":"Balance Peonza Koala"},"content":{"rendered":"<p>El Balanc\u00edn koala ofrece multitud de posibilidades: columpiarse, mecerse, trepar&#8230; de pie, puede utilizarse como t\u00fanel de motricidad o como peque\u00f1a caseta.\u00a0Al darle la vuelta, se convierte en un trompo o en un carrusel.\u00a0Posibilidad de combinar los koalas para aumentar la superficie de juego favorece la estimulaci\u00f3n vestibular para desarrollar el sentido del equilibrio. Precio por unidad. (Stock limitado, preguntar por si necesita mas de una unidad)<\/p>\n<p><p><strong>Material : <\/strong> Plastico suave Polipropileno<\/p>\n<p><strong>C\u00f3digo Aukinko : <\/strong> 08-7156411<\/p>\n<p><strong>C\u00f3digo Convenio Marco : <\/strong> x<\/p>\n","protected":false},"excerpt":{"rendered":"<p>El Balanc\u00edn koala ofrece multitud de posibilidades: columpiarse, mecerse, trepar&#8230; de pie, puede utilizarse como t\u00fanel de motricidad o como peque\u00f1a caseta.\u00a0Al darle la vuelta, se convierte en un trompo o en un carrusel.\u00a0Posibilidad de combinar los koalas para aumentar la superficie de juego favorece la estimulaci\u00f3n vestibular para desarrollar el sentido del equilibrio. Precio [&hellip;]<\/p>\n","protected":false},"featured_media":627592,"comment_status":"open","ping_status":"closed","template":"","meta":{"_et_pb_use_builder":"","_et_pb_old_content":"","_et_gb_content_width":""},"product_brand":[],"product_cat":[91,18],"product_tag":[],"class_list":{"0":"post-627593","1":"product","2":"type-product","3":"status-publish","4":"has-post-thumbnail","6":"product_cat-accesorios-sala","7":"product_cat-motricidad-gruesa","8":"pa_edad-1-a-2-anos","9":"pa_edad-2-a-3-anos","10":"pa_edad-3-a-4-anos","11":"pa_edad-4-a-5-anos","12":"pa_marca-wesco","13":"pa_medidas-45-cm-altura","14":"pa_medidas-62-cm-diametro","16":"first","17":"instock","18":"shipping-taxable","19":"purchasable","20":"product-type-simple"},"aioseo_notices":[],"_links":{"self":[{"href":"https:\/\/aukinkochile.com\/web\/wp-json\/wp\/v2\/product\/627593","targetHints":{"allow":["GET"]}}],"collection":[{"href":"https:\/\/aukinkochile.com\/web\/wp-json\/wp\/v2\/product"}],"about":[{"href":"https:\/\/aukinkochile.com\/web\/wp-json\/wp\/v2\/types\/product"}],"replies":[{"embeddable":true,"href":"https:\/\/aukinkochile.com\/web\/wp-json\/wp\/v2\/comments?post=627593"}],"wp:featuredmedia":[{"embeddable":true,"href":"https:\/\/aukinkochile.com\/web\/wp-json\/wp\/v2\/media\/627592"}],"wp:attachment":[{"href":"https:\/\/aukinkochile.com\/web\/wp-json\/wp\/v2\/media?parent=627593"}],"wp:term":[{"taxonomy":"product_brand","embeddable":true,"href":"https:\/\/aukinkochile.com\/web\/wp-json\/wp\/v2\/product_brand?post=627593"},{"taxonomy":"product_cat","embeddable":true,"href":"https:\/\/aukinkochile.com\/web\/wp-json\/wp\/v2\/product_cat?post=627593"},{"taxonomy":"product_tag","embeddable":true,"href":"https:\/\/aukinkochile.com\/web\/wp-json\/wp\/v2\/product_tag?post=627593"}],"curies":[{"name":"wp","href":"https:\/\/api.w.org\/{rel}","templated":true}]}}