{"id":627585,"date":"2024-02-06T18:43:31","date_gmt":"2024-02-06T18:43:31","guid":{"rendered":"https:\/\/aukinkochile.com\/web\/producto\/disfraz-sombrero-profesion-talla-1-c-u\/"},"modified":"2024-04-29T20:50:00","modified_gmt":"2024-04-29T20:50:00","slug":"disfraz-sombrero-profesion-talla-1-c-u","status":"publish","type":"product","link":"https:\/\/aukinkochile.com\/web\/producto\/disfraz-sombrero-profesion-talla-1-c-u\/","title":{"rendered":"Disfraz Sombrero Profesi\u00f3n Talla 1 c\/u"},"content":{"rendered":"<p>Sombrero surtido de profesiones, cocinero, astronauta, mec\u00e1nico, polic\u00eda, cartero y jardinero. Se ajustan con velcro a cualquier cabeza. Lavar a 30 \u00ba, libres de colorantes para minimizar riesgo de alergias. Excelente calidad y dise\u00f1o. Precio por unidad. (Consultar por stock individual) <\/p>\n<p><p><strong>Material : <\/strong> Genero<\/p>\n<p><strong>C\u00f3digo Aukinko : <\/strong> 08-7146855<\/p>\n<p><strong>C\u00f3digo Convenio Marco : <\/strong> x<\/p>\n","protected":false},"excerpt":{"rendered":"<p>Sombrero surtido de profesiones, cocinero, astronauta, mec\u00e1nico, polic\u00eda, cartero y jardinero. Se ajustan con velcro a cualquier cabeza. Lavar a 30 \u00ba, libres de colorantes para minimizar riesgo de alergias. Excelente calidad y dise\u00f1o. Precio por unidad. (Consultar por stock individual) Material : Genero C\u00f3digo Aukinko : 08-7146855 C\u00f3digo Convenio Marco : x<\/p>\n","protected":false},"featured_media":627584,"comment_status":"open","ping_status":"closed","template":"","meta":{"_et_pb_use_builder":"","_et_pb_old_content":"","_et_gb_content_width":""},"product_brand":[],"product_cat":[91,17],"product_tag":[],"class_list":{"0":"post-627585","1":"product","2":"type-product","3":"status-publish","4":"has-post-thumbnail","6":"product_cat-accesorios-sala","7":"product_cat-juegos-de-rol","8":"pa_edad-1-a-2-anos","9":"pa_edad-2-a-3-anos","10":"pa_edad-3-a-4-anos","11":"pa_marca-wesco","12":"pa_medidas-para-nins-de-86-a-105-cm","14":"first","15":"instock","16":"shipping-taxable","17":"purchasable","18":"product-type-simple"},"aioseo_notices":[],"_links":{"self":[{"href":"https:\/\/aukinkochile.com\/web\/wp-json\/wp\/v2\/product\/627585","targetHints":{"allow":["GET"]}}],"collection":[{"href":"https:\/\/aukinkochile.com\/web\/wp-json\/wp\/v2\/product"}],"about":[{"href":"https:\/\/aukinkochile.com\/web\/wp-json\/wp\/v2\/types\/product"}],"replies":[{"embeddable":true,"href":"https:\/\/aukinkochile.com\/web\/wp-json\/wp\/v2\/comments?post=627585"}],"wp:featuredmedia":[{"embeddable":true,"href":"https:\/\/aukinkochile.com\/web\/wp-json\/wp\/v2\/media\/627584"}],"wp:attachment":[{"href":"https:\/\/aukinkochile.com\/web\/wp-json\/wp\/v2\/media?parent=627585"}],"wp:term":[{"taxonomy":"product_brand","embeddable":true,"href":"https:\/\/aukinkochile.com\/web\/wp-json\/wp\/v2\/product_brand?post=627585"},{"taxonomy":"product_cat","embeddable":true,"href":"https:\/\/aukinkochile.com\/web\/wp-json\/wp\/v2\/product_cat?post=627585"},{"taxonomy":"product_tag","embeddable":true,"href":"https:\/\/aukinkochile.com\/web\/wp-json\/wp\/v2\/product_tag?post=627585"}],"curies":[{"name":"wp","href":"https:\/\/api.w.org\/{rel}","templated":true}]}}