{"id":627581,"date":"2024-02-06T18:43:30","date_gmt":"2024-02-06T18:43:30","guid":{"rendered":"https:\/\/aukinkochile.com\/web\/producto\/alfombra-estrella\/"},"modified":"2024-04-29T20:49:56","modified_gmt":"2024-04-29T20:49:56","slug":"alfombra-estrella","status":"publish","type":"product","link":"https:\/\/aukinkochile.com\/web\/producto\/alfombra-estrella\/","title":{"rendered":"Alfombra Estrella"},"content":{"rendered":"<p>Alfombra sint\u00e9tica, liviana y f\u00e1cil de limpiar. 100% pelos terciopelo microfibra poli\u00e9ster. 1100 g\/m2. espesor 1,5 cm. Sint\u00e9tico ultra resistente al trafico, solidez de color, propiedades antiest\u00e1ticas y ac\u00fasticas. Suaves, lavables con shampoo para alfombras. Con tira de refuerzo en alrededor del borde. Para uso interno. Cumple con los est\u00e1ndares de inflamabilidad. Sin perdida de pelos. No hace motitas. (Stock limitado, preguntar por si necesita mas de una unidad)<\/p>\n<p><p><strong>Material : <\/strong> Poliamida 1500g\/m\u00b2 remallada con soporte de fieltro.<\/p>\n<p><strong>C\u00f3digo Aukinko : <\/strong> 08-7144964<\/p>\n<p><strong>C\u00f3digo Convenio Marco : <\/strong> x<\/p>\n","protected":false},"excerpt":{"rendered":"<p>Alfombra sint\u00e9tica, liviana y f\u00e1cil de limpiar. 100% pelos terciopelo microfibra poli\u00e9ster. 1100 g\/m2. espesor 1,5 cm. Sint\u00e9tico ultra resistente al trafico, solidez de color, propiedades antiest\u00e1ticas y ac\u00fasticas. Suaves, lavables con shampoo para alfombras. Con tira de refuerzo en alrededor del borde. Para uso interno. Cumple con los est\u00e1ndares de inflamabilidad. Sin perdida de [&hellip;]<\/p>\n","protected":false},"featured_media":627580,"comment_status":"open","ping_status":"closed","template":"","meta":{"_et_pb_use_builder":"","_et_pb_old_content":"","_et_gb_content_width":""},"product_brand":[],"product_cat":[91,23],"product_tag":[],"class_list":{"0":"post-627581","1":"product","2":"type-product","3":"status-publish","4":"has-post-thumbnail","6":"product_cat-accesorios-sala","7":"product_cat-primeros-anos","8":"pa_edad-0-a-1-ano","9":"pa_edad-1-a-2-anos","10":"pa_edad-2-a-3-anos","11":"pa_edad-3-a-4-anos","12":"pa_edad-4-a-5-anos","13":"pa_edad-5-a-6-anos","14":"pa_marca-wesco","15":"pa_medidas-5-cm","16":"pa_medidas-90-x-90-x-1","18":"first","19":"instock","20":"shipping-taxable","21":"purchasable","22":"product-type-simple"},"aioseo_notices":[],"_links":{"self":[{"href":"https:\/\/aukinkochile.com\/web\/wp-json\/wp\/v2\/product\/627581","targetHints":{"allow":["GET"]}}],"collection":[{"href":"https:\/\/aukinkochile.com\/web\/wp-json\/wp\/v2\/product"}],"about":[{"href":"https:\/\/aukinkochile.com\/web\/wp-json\/wp\/v2\/types\/product"}],"replies":[{"embeddable":true,"href":"https:\/\/aukinkochile.com\/web\/wp-json\/wp\/v2\/comments?post=627581"}],"wp:featuredmedia":[{"embeddable":true,"href":"https:\/\/aukinkochile.com\/web\/wp-json\/wp\/v2\/media\/627580"}],"wp:attachment":[{"href":"https:\/\/aukinkochile.com\/web\/wp-json\/wp\/v2\/media?parent=627581"}],"wp:term":[{"taxonomy":"product_brand","embeddable":true,"href":"https:\/\/aukinkochile.com\/web\/wp-json\/wp\/v2\/product_brand?post=627581"},{"taxonomy":"product_cat","embeddable":true,"href":"https:\/\/aukinkochile.com\/web\/wp-json\/wp\/v2\/product_cat?post=627581"},{"taxonomy":"product_tag","embeddable":true,"href":"https:\/\/aukinkochile.com\/web\/wp-json\/wp\/v2\/product_tag?post=627581"}],"curies":[{"name":"wp","href":"https:\/\/api.w.org\/{rel}","templated":true}]}}