{"id":627574,"date":"2024-02-06T18:43:27","date_gmt":"2024-02-06T18:43:27","guid":{"rendered":"https:\/\/aukinkochile.com\/web\/producto\/bote-pesca\/"},"modified":"2025-11-06T18:44:17","modified_gmt":"2025-11-06T18:44:17","slug":"bote-pesca","status":"publish","type":"product","link":"https:\/\/aukinkochile.com\/web\/producto\/bote-pesca\/","title":{"rendered":"Bote Pesca"},"content":{"rendered":"<p>Hermoso barco de pesca especial para divertirse sin parar a la hora del ba\u00f1o.\u00a0El volante funciona como un salvavidas en caso de que el capit\u00e1n se caiga por la borda, los m\u00e1stiles se convierten en un juego de pesca para dos y todos los peces se pueden almacenar debajo de la borda en una escotilla secreta.\u00a0Tiene una longitud de 21 cm. Recomendado para ni\u00f1os y ni\u00f1as de 2 a\u00f1os en adelante.<\/p>\n<p><p><strong>Material : <\/strong> Pl\u00e1stico Resistente<\/p>\n<p><strong>C\u00f3digo Aukinko : <\/strong> 08-21031178<\/p>\n<p><strong>C\u00f3digo Convenio Marco : <\/strong> x<\/p>\n","protected":false},"excerpt":{"rendered":"<p>Hermoso barco de pesca especial para divertirse sin parar a la hora del ba\u00f1o.\u00a0El volante funciona como un salvavidas en caso de que el capit\u00e1n se caiga por la borda, los m\u00e1stiles se convierten en un juego de pesca para dos y todos los peces se pueden almacenar debajo de la borda en una escotilla [&hellip;]<\/p>\n","protected":false},"featured_media":627573,"comment_status":"open","ping_status":"closed","template":"","meta":{"_et_pb_use_builder":"","_et_pb_old_content":"","_et_gb_content_width":""},"product_brand":[],"product_cat":[20,23],"product_tag":[],"class_list":{"0":"post-627574","1":"product","2":"type-product","3":"status-publish","4":"has-post-thumbnail","6":"product_cat-motricidad-fina","7":"product_cat-primeros-anos","8":"pa_edad-0-a-1-ano","9":"pa_edad-1-a-2-anos","10":"pa_edad-2-a-3-anos","11":"pa_marca-galt","12":"pa_medidas-21-cm","14":"first","15":"instock","16":"shipping-taxable","17":"purchasable","18":"product-type-simple"},"aioseo_notices":[],"_links":{"self":[{"href":"https:\/\/aukinkochile.com\/web\/wp-json\/wp\/v2\/product\/627574","targetHints":{"allow":["GET"]}}],"collection":[{"href":"https:\/\/aukinkochile.com\/web\/wp-json\/wp\/v2\/product"}],"about":[{"href":"https:\/\/aukinkochile.com\/web\/wp-json\/wp\/v2\/types\/product"}],"replies":[{"embeddable":true,"href":"https:\/\/aukinkochile.com\/web\/wp-json\/wp\/v2\/comments?post=627574"}],"wp:featuredmedia":[{"embeddable":true,"href":"https:\/\/aukinkochile.com\/web\/wp-json\/wp\/v2\/media\/627573"}],"wp:attachment":[{"href":"https:\/\/aukinkochile.com\/web\/wp-json\/wp\/v2\/media?parent=627574"}],"wp:term":[{"taxonomy":"product_brand","embeddable":true,"href":"https:\/\/aukinkochile.com\/web\/wp-json\/wp\/v2\/product_brand?post=627574"},{"taxonomy":"product_cat","embeddable":true,"href":"https:\/\/aukinkochile.com\/web\/wp-json\/wp\/v2\/product_cat?post=627574"},{"taxonomy":"product_tag","embeddable":true,"href":"https:\/\/aukinkochile.com\/web\/wp-json\/wp\/v2\/product_tag?post=627574"}],"curies":[{"name":"wp","href":"https:\/\/api.w.org\/{rel}","templated":true}]}}