{"id":627570,"date":"2024-02-06T18:43:26","date_gmt":"2024-02-06T18:43:26","guid":{"rendered":"https:\/\/aukinkochile.com\/web\/producto\/colorear-con-plasticina\/"},"modified":"2025-11-06T18:43:04","modified_gmt":"2025-11-06T18:43:04","slug":"colorear-con-plasticina","status":"publish","type":"product","link":"https:\/\/aukinkochile.com\/web\/producto\/colorear-con-plasticina\/","title":{"rendered":"Colorear con Plasticina"},"content":{"rendered":"<p>Divertido set de manualidades para colorear divertidas ilustraciones con plasticinas de colores vivos que ser\u00e1n muy atractivos para los m\u00e1s peque\u00f1os. Incluye 4 packs de plasticinas de 10 gramos cada una de distintos colores y 4 divertidas ilustraciones. Un juego ideal para el desarrollo de la creatividad y de las habilidades motoras finas. De material suave y colores vivos. Tama\u00f1o de las im\u00e1genes 14 x 18 cm.<\/p>\n<p><p><strong>Material : <\/strong> Cart\u00f3n y Plasticina<\/p>\n<p><strong>C\u00f3digo Aukinko : <\/strong> 08-21005494<\/p>\n<p><strong>C\u00f3digo Convenio Marco : <\/strong> x<\/p>\n","protected":false},"excerpt":{"rendered":"<p>Divertido set de manualidades para colorear divertidas ilustraciones con plasticinas de colores vivos que ser\u00e1n muy atractivos para los m\u00e1s peque\u00f1os. Incluye 4 packs de plasticinas de 10 gramos cada una de distintos colores y 4 divertidas ilustraciones. Un juego ideal para el desarrollo de la creatividad y de las habilidades motoras finas. De material [&hellip;]<\/p>\n","protected":false},"featured_media":622504,"comment_status":"open","ping_status":"closed","template":"","meta":{"_et_pb_use_builder":"","_et_pb_old_content":"","_et_gb_content_width":""},"product_brand":[],"product_cat":[21],"product_tag":[],"class_list":{"0":"post-627570","1":"product","2":"type-product","3":"status-publish","4":"has-post-thumbnail","6":"product_cat-arte-y-manipulacion","7":"pa_edad-5-a-6-anos","8":"pa_edad-6-a-8-anos","9":"pa_marca-galt","10":"pa_medidas-4501","11":"pa_medidas-5-cm","12":"pa_medidas-5-x-26","13":"pa_medidas-5-x-3","15":"first","16":"instock","17":"shipping-taxable","18":"purchasable","19":"product-type-simple"},"aioseo_notices":[],"_links":{"self":[{"href":"https:\/\/aukinkochile.com\/web\/wp-json\/wp\/v2\/product\/627570","targetHints":{"allow":["GET"]}}],"collection":[{"href":"https:\/\/aukinkochile.com\/web\/wp-json\/wp\/v2\/product"}],"about":[{"href":"https:\/\/aukinkochile.com\/web\/wp-json\/wp\/v2\/types\/product"}],"replies":[{"embeddable":true,"href":"https:\/\/aukinkochile.com\/web\/wp-json\/wp\/v2\/comments?post=627570"}],"wp:featuredmedia":[{"embeddable":true,"href":"https:\/\/aukinkochile.com\/web\/wp-json\/wp\/v2\/media\/622504"}],"wp:attachment":[{"href":"https:\/\/aukinkochile.com\/web\/wp-json\/wp\/v2\/media?parent=627570"}],"wp:term":[{"taxonomy":"product_brand","embeddable":true,"href":"https:\/\/aukinkochile.com\/web\/wp-json\/wp\/v2\/product_brand?post=627570"},{"taxonomy":"product_cat","embeddable":true,"href":"https:\/\/aukinkochile.com\/web\/wp-json\/wp\/v2\/product_cat?post=627570"},{"taxonomy":"product_tag","embeddable":true,"href":"https:\/\/aukinkochile.com\/web\/wp-json\/wp\/v2\/product_tag?post=627570"}],"curies":[{"name":"wp","href":"https:\/\/api.w.org\/{rel}","templated":true}]}}