{"id":627569,"date":"2024-02-06T18:43:26","date_gmt":"2024-02-06T18:43:26","guid":{"rendered":"https:\/\/aukinkochile.com\/web\/producto\/palitroque-genero-cilindros-6-pz\/"},"modified":"2025-11-06T18:42:06","modified_gmt":"2025-11-06T18:42:06","slug":"palitroque-genero-cilindros-6-pz","status":"publish","type":"product","link":"https:\/\/aukinkochile.com\/web\/producto\/palitroque-genero-cilindros-6-pz\/","title":{"rendered":"Palitroque Genero Cilindros 6 pz"},"content":{"rendered":"<p>Divertido juego de palitroques de g\u00e9nero suaves y coloridos para los m\u00e1s peque\u00f1os y las m\u00e1s peque\u00f1as. Incluye 6 palitroques y una colorida pelota con cascabel. Estimula a los m\u00e1s peque\u00f1os en el gateo, aprendiendo acerca de la causa y efecto, desarrollando habilidades motoras gruesas y finas. Los m\u00e1s peque\u00f1os y las m\u00e1s peque\u00f1as aprender\u00e1n sobre el movimiento a partir de un juego divertido y sencillo. La pelota incluye un cascabel que la har\u00e1 a\u00fan m\u00e1s entretenida. Ideal para apilar, equilibrar y derribar, fomentando el desarrollo mano-ojo. Viene en una bolsa pl\u00e1stica transparente con asa para llevar a todas partes.<\/p>\n<p><p><strong>Material : <\/strong> Genero<\/p>\n<p><strong>C\u00f3digo Aukinko : <\/strong> 08-21005326<\/p>\n<p><strong>C\u00f3digo Convenio Marco : <\/strong> x<\/p>\n","protected":false},"excerpt":{"rendered":"<p>Divertido juego de palitroques de g\u00e9nero suaves y coloridos para los m\u00e1s peque\u00f1os y las m\u00e1s peque\u00f1as. Incluye 6 palitroques y una colorida pelota con cascabel. Estimula a los m\u00e1s peque\u00f1os en el gateo, aprendiendo acerca de la causa y efecto, desarrollando habilidades motoras gruesas y finas. Los m\u00e1s peque\u00f1os y las m\u00e1s peque\u00f1as aprender\u00e1n [&hellip;]<\/p>\n","protected":false},"featured_media":627568,"comment_status":"open","ping_status":"closed","template":"","meta":{"_et_pb_use_builder":"","_et_pb_old_content":"","_et_gb_content_width":""},"product_brand":[],"product_cat":[91,20,18,23],"product_tag":[],"class_list":{"0":"post-627569","1":"product","2":"type-product","3":"status-publish","4":"has-post-thumbnail","6":"product_cat-accesorios-sala","7":"product_cat-motricidad-fina","8":"product_cat-motricidad-gruesa","9":"product_cat-primeros-anos","10":"pa_edad-0-a-1-ano","11":"pa_edad-1-a-2-anos","12":"pa_edad-2-a-3-anos","13":"pa_marca-galt","14":"pa_medidas-14-x-24-cm","16":"first","17":"instock","18":"shipping-taxable","19":"purchasable","20":"product-type-simple"},"aioseo_notices":[],"_links":{"self":[{"href":"https:\/\/aukinkochile.com\/web\/wp-json\/wp\/v2\/product\/627569","targetHints":{"allow":["GET"]}}],"collection":[{"href":"https:\/\/aukinkochile.com\/web\/wp-json\/wp\/v2\/product"}],"about":[{"href":"https:\/\/aukinkochile.com\/web\/wp-json\/wp\/v2\/types\/product"}],"replies":[{"embeddable":true,"href":"https:\/\/aukinkochile.com\/web\/wp-json\/wp\/v2\/comments?post=627569"}],"wp:featuredmedia":[{"embeddable":true,"href":"https:\/\/aukinkochile.com\/web\/wp-json\/wp\/v2\/media\/627568"}],"wp:attachment":[{"href":"https:\/\/aukinkochile.com\/web\/wp-json\/wp\/v2\/media?parent=627569"}],"wp:term":[{"taxonomy":"product_brand","embeddable":true,"href":"https:\/\/aukinkochile.com\/web\/wp-json\/wp\/v2\/product_brand?post=627569"},{"taxonomy":"product_cat","embeddable":true,"href":"https:\/\/aukinkochile.com\/web\/wp-json\/wp\/v2\/product_cat?post=627569"},{"taxonomy":"product_tag","embeddable":true,"href":"https:\/\/aukinkochile.com\/web\/wp-json\/wp\/v2\/product_tag?post=627569"}],"curies":[{"name":"wp","href":"https:\/\/api.w.org\/{rel}","templated":true}]}}