{"id":627557,"date":"2024-02-06T18:43:22","date_gmt":"2024-02-06T18:43:22","guid":{"rendered":"https:\/\/aukinkochile.com\/web\/producto\/mosaico-scope-400-pz\/"},"modified":"2024-02-06T18:43:22","modified_gmt":"2024-02-06T18:43:22","slug":"mosaico-scope-400-pz","status":"publish","type":"product","link":"https:\/\/aukinkochile.com\/web\/producto\/mosaico-scope-400-pz\/","title":{"rendered":"mosaico scope 400 pz"},"content":{"rendered":"<p>crea patrones coloridos como se muestra en las tarjetas de asignaci\u00f3n o cr\u00e9alos tu mismo. desarrolla el razonamiento espacial y las habilidades motrices, la creatividad y las habilidades matem\u00e1ticas tempranas. contiene 4 bases grandes de pl\u00e1stico de 22 cm di\u00e1metro, 400 trapezoides de colores y 4 folletos de inspiraci\u00f3n.<\/p>\n<p><p><strong>Material : <\/strong> PLASTICO<\/p>\n<p><strong>C\u00f3digo Aukinko : <\/strong> 08-1802060<\/p>\n<p><strong>C\u00f3digo Convenio Marco : <\/strong> x<\/p>\n","protected":false},"excerpt":{"rendered":"<p>crea patrones coloridos como se muestra en las tarjetas de asignaci\u00f3n o cr\u00e9alos tu mismo. desarrolla el razonamiento espacial y las habilidades motrices, la creatividad y las habilidades matem\u00e1ticas tempranas. contiene 4 bases grandes de pl\u00e1stico de 22 cm di\u00e1metro, 400 trapezoides de colores y 4 folletos de inspiraci\u00f3n. Material : PLASTICO C\u00f3digo Aukinko : [&hellip;]<\/p>\n","protected":false},"featured_media":627556,"comment_status":"open","ping_status":"closed","template":"","meta":{"_et_pb_use_builder":"","_et_pb_old_content":"","_et_gb_content_width":""},"product_brand":[],"product_cat":[91,19,90],"product_tag":[],"class_list":{"0":"post-627557","1":"product","2":"type-product","3":"status-publish","4":"has-post-thumbnail","6":"product_cat-accesorios-sala","7":"product_cat-construccion","8":"product_cat-matematicas","9":"pa_edad-10-anos","10":"pa_edad-6-a-8-anos","11":"pa_edad-8-a-10-anos","12":"pa_marca-jegro","13":"pa_medidas-4460","14":"pa_medidas-5-x-15-cm-caja","15":"pa_medidas-5-x-21","17":"first","18":"instock","19":"shipping-taxable","20":"purchasable","21":"product-type-simple"},"aioseo_notices":[],"_links":{"self":[{"href":"https:\/\/aukinkochile.com\/web\/wp-json\/wp\/v2\/product\/627557","targetHints":{"allow":["GET"]}}],"collection":[{"href":"https:\/\/aukinkochile.com\/web\/wp-json\/wp\/v2\/product"}],"about":[{"href":"https:\/\/aukinkochile.com\/web\/wp-json\/wp\/v2\/types\/product"}],"replies":[{"embeddable":true,"href":"https:\/\/aukinkochile.com\/web\/wp-json\/wp\/v2\/comments?post=627557"}],"wp:featuredmedia":[{"embeddable":true,"href":"https:\/\/aukinkochile.com\/web\/wp-json\/wp\/v2\/media\/627556"}],"wp:attachment":[{"href":"https:\/\/aukinkochile.com\/web\/wp-json\/wp\/v2\/media?parent=627557"}],"wp:term":[{"taxonomy":"product_brand","embeddable":true,"href":"https:\/\/aukinkochile.com\/web\/wp-json\/wp\/v2\/product_brand?post=627557"},{"taxonomy":"product_cat","embeddable":true,"href":"https:\/\/aukinkochile.com\/web\/wp-json\/wp\/v2\/product_cat?post=627557"},{"taxonomy":"product_tag","embeddable":true,"href":"https:\/\/aukinkochile.com\/web\/wp-json\/wp\/v2\/product_tag?post=627557"}],"curies":[{"name":"wp","href":"https:\/\/api.w.org\/{rel}","templated":true}]}}