{"id":627553,"date":"2024-02-06T18:43:19","date_gmt":"2024-02-06T18:43:19","guid":{"rendered":"https:\/\/aukinkochile.com\/web\/producto\/dados-multiproposito-set-3\/"},"modified":"2024-02-06T18:43:19","modified_gmt":"2024-02-06T18:43:19","slug":"dados-multiproposito-set-3","status":"publish","type":"product","link":"https:\/\/aukinkochile.com\/web\/producto\/dados-multiproposito-set-3\/","title":{"rendered":"Dados Multiprop\u00f3sito set 3"},"content":{"rendered":"<p>3 dados de 5,5 x 5,5 cm con lados de pintura de pizarra f\u00e1cil de limpiar, para usar en diferentes juegos e instar a los ni\u00f1os a ser creativos e inventar juegos. Incluye 3 l\u00e1pices acuarelables blancos y manual de instrucciones.<\/p>\n<p><p><strong>Material : <\/strong> MADERA<\/p>\n<p><strong>C\u00f3digo Aukinko : <\/strong> 08-121560<\/p>\n<p><strong>C\u00f3digo Convenio Marco : <\/strong> x<\/p>\n","protected":false},"excerpt":{"rendered":"<p>3 dados de 5,5 x 5,5 cm con lados de pintura de pizarra f\u00e1cil de limpiar, para usar en diferentes juegos e instar a los ni\u00f1os a ser creativos e inventar juegos. Incluye 3 l\u00e1pices acuarelables blancos y manual de instrucciones. Material : MADERA C\u00f3digo Aukinko : 08-121560 C\u00f3digo Convenio Marco : x<\/p>\n","protected":false},"featured_media":627552,"comment_status":"open","ping_status":"closed","template":"","meta":{"_et_pb_use_builder":"","_et_pb_old_content":"","_et_gb_content_width":""},"product_brand":[],"product_cat":[91,150,151,90],"product_tag":[],"class_list":{"0":"post-627553","1":"product","2":"type-product","3":"status-publish","4":"has-post-thumbnail","6":"product_cat-accesorios-sala","7":"product_cat-asociacion-y-logica","8":"product_cat-lenguaje","9":"product_cat-matematicas","10":"pa_edad-10-anos","11":"pa_edad-3-a-4-anos","12":"pa_edad-4-a-5-anos","13":"pa_edad-5-a-6-anos","14":"pa_edad-6-a-8-anos","15":"pa_edad-8-a-10-anos","16":"pa_marca-jegro","17":"pa_medidas-4469","18":"pa_medidas-5-c-d-dado","19":"pa_medidas-5-x-5","21":"first","22":"instock","23":"shipping-taxable","24":"purchasable","25":"product-type-simple"},"aioseo_notices":[],"_links":{"self":[{"href":"https:\/\/aukinkochile.com\/web\/wp-json\/wp\/v2\/product\/627553","targetHints":{"allow":["GET"]}}],"collection":[{"href":"https:\/\/aukinkochile.com\/web\/wp-json\/wp\/v2\/product"}],"about":[{"href":"https:\/\/aukinkochile.com\/web\/wp-json\/wp\/v2\/types\/product"}],"replies":[{"embeddable":true,"href":"https:\/\/aukinkochile.com\/web\/wp-json\/wp\/v2\/comments?post=627553"}],"wp:featuredmedia":[{"embeddable":true,"href":"https:\/\/aukinkochile.com\/web\/wp-json\/wp\/v2\/media\/627552"}],"wp:attachment":[{"href":"https:\/\/aukinkochile.com\/web\/wp-json\/wp\/v2\/media?parent=627553"}],"wp:term":[{"taxonomy":"product_brand","embeddable":true,"href":"https:\/\/aukinkochile.com\/web\/wp-json\/wp\/v2\/product_brand?post=627553"},{"taxonomy":"product_cat","embeddable":true,"href":"https:\/\/aukinkochile.com\/web\/wp-json\/wp\/v2\/product_cat?post=627553"},{"taxonomy":"product_tag","embeddable":true,"href":"https:\/\/aukinkochile.com\/web\/wp-json\/wp\/v2\/product_tag?post=627553"}],"curies":[{"name":"wp","href":"https:\/\/api.w.org\/{rel}","templated":true}]}}