{"id":627551,"date":"2024-02-06T18:43:18","date_gmt":"2024-02-06T18:43:18","guid":{"rendered":"https:\/\/aukinkochile.com\/web\/producto\/juego-matematicas-seven\/"},"modified":"2024-02-06T18:43:18","modified_gmt":"2024-02-06T18:43:18","slug":"juego-matematicas-seven","status":"publish","type":"product","link":"https:\/\/aukinkochile.com\/web\/producto\/juego-matematicas-seven\/","title":{"rendered":"Juego Matem\u00e1ticas Seven"},"content":{"rendered":"<p>Juego educativo para un grupo de ni\u00f1os. Practica las bases de la aritm\u00e9tica con desaf\u00edos. Se puede jugar en diferentes niveles. Tablero de madera de 37 x 37 cm, 3 dados de madera y 160 fichas platicas en 4 diferentes colores en una bolsa de tela.<\/p>\n<p><p><strong>Material : <\/strong> MADERA Y PLASTICO<\/p>\n<p><strong>C\u00f3digo Aukinko : <\/strong> 08-118620<\/p>\n<p><strong>C\u00f3digo Convenio Marco : <\/strong> x<\/p>\n","protected":false},"excerpt":{"rendered":"<p>Juego educativo para un grupo de ni\u00f1os. Practica las bases de la aritm\u00e9tica con desaf\u00edos. Se puede jugar en diferentes niveles. Tablero de madera de 37 x 37 cm, 3 dados de madera y 160 fichas platicas en 4 diferentes colores en una bolsa de tela. Material : MADERA Y PLASTICO C\u00f3digo Aukinko : 08-118620 [&hellip;]<\/p>\n","protected":false},"featured_media":627550,"comment_status":"open","ping_status":"closed","template":"","meta":{"_et_pb_use_builder":"","_et_pb_old_content":"","_et_gb_content_width":""},"product_brand":[],"product_cat":[91,149,90],"product_tag":[],"class_list":{"0":"post-627551","1":"product","2":"type-product","3":"status-publish","4":"has-post-thumbnail","6":"product_cat-accesorios-sala","7":"product_cat-juegos-de-mesa","8":"product_cat-matematicas","9":"pa_edad-10-anos","10":"pa_edad-8-a-10-anos","11":"pa_marca-jegro","12":"pa_medidas-37-x-37-cm","14":"first","15":"instock","16":"shipping-taxable","17":"purchasable","18":"product-type-simple"},"aioseo_notices":[],"_links":{"self":[{"href":"https:\/\/aukinkochile.com\/web\/wp-json\/wp\/v2\/product\/627551","targetHints":{"allow":["GET"]}}],"collection":[{"href":"https:\/\/aukinkochile.com\/web\/wp-json\/wp\/v2\/product"}],"about":[{"href":"https:\/\/aukinkochile.com\/web\/wp-json\/wp\/v2\/types\/product"}],"replies":[{"embeddable":true,"href":"https:\/\/aukinkochile.com\/web\/wp-json\/wp\/v2\/comments?post=627551"}],"wp:featuredmedia":[{"embeddable":true,"href":"https:\/\/aukinkochile.com\/web\/wp-json\/wp\/v2\/media\/627550"}],"wp:attachment":[{"href":"https:\/\/aukinkochile.com\/web\/wp-json\/wp\/v2\/media?parent=627551"}],"wp:term":[{"taxonomy":"product_brand","embeddable":true,"href":"https:\/\/aukinkochile.com\/web\/wp-json\/wp\/v2\/product_brand?post=627551"},{"taxonomy":"product_cat","embeddable":true,"href":"https:\/\/aukinkochile.com\/web\/wp-json\/wp\/v2\/product_cat?post=627551"},{"taxonomy":"product_tag","embeddable":true,"href":"https:\/\/aukinkochile.com\/web\/wp-json\/wp\/v2\/product_tag?post=627551"}],"curies":[{"name":"wp","href":"https:\/\/api.w.org\/{rel}","templated":true}]}}