{"id":627538,"date":"2024-02-06T18:43:14","date_gmt":"2024-02-06T18:43:14","guid":{"rendered":"https:\/\/aukinkochile.com\/web\/producto\/magneticos-letras-mayusculas-288-pz\/"},"modified":"2025-04-14T17:38:26","modified_gmt":"2025-04-14T17:38:26","slug":"magneticos-letras-mayusculas-288-pz","status":"publish","type":"product","link":"https:\/\/aukinkochile.com\/web\/producto\/magneticos-letras-mayusculas-288-pz\/","title":{"rendered":"Magn\u00e9ticos Letras May\u00fasculas 288 Pz"},"content":{"rendered":"<p>288 letras may\u00fasculas en 6 colores diferentes. de pl\u00e1stico duro y resistente.  para que jueguen hasta 6 ni\u00f1os.<\/p>\n<p><p><strong>Material : <\/strong> Pl\u00e1stico<\/p>\n<p><strong>C\u00f3digo Aukinko : <\/strong> 07-55441<\/p>\n<p><strong>C\u00f3digo Convenio Marco : <\/strong> <\/p>\n","protected":false},"excerpt":{"rendered":"<p>288 letras may\u00fasculas en 6 colores diferentes. de pl\u00e1stico duro y resistente. para que jueguen hasta 6 ni\u00f1os. Material : Pl\u00e1stico C\u00f3digo Aukinko : 07-55441 C\u00f3digo Convenio Marco :<\/p>\n","protected":false},"featured_media":627537,"comment_status":"open","ping_status":"closed","template":"","meta":{"_et_pb_use_builder":"","_et_pb_old_content":"","_et_gb_content_width":""},"product_brand":[],"product_cat":[151],"product_tag":[],"class_list":{"0":"post-627538","1":"product","2":"type-product","3":"status-publish","4":"has-post-thumbnail","6":"product_cat-lenguaje","7":"pa_edad-4-a-5-anos","8":"pa_edad-5-a-6-anos","9":"pa_edad-6-a-8-anos","10":"pa_marca-quercetti","11":"pa_medidas-27-x-24-x-8-cm","13":"first","14":"instock","15":"shipping-taxable","16":"purchasable","17":"product-type-simple"},"aioseo_notices":[],"_links":{"self":[{"href":"https:\/\/aukinkochile.com\/web\/wp-json\/wp\/v2\/product\/627538","targetHints":{"allow":["GET"]}}],"collection":[{"href":"https:\/\/aukinkochile.com\/web\/wp-json\/wp\/v2\/product"}],"about":[{"href":"https:\/\/aukinkochile.com\/web\/wp-json\/wp\/v2\/types\/product"}],"replies":[{"embeddable":true,"href":"https:\/\/aukinkochile.com\/web\/wp-json\/wp\/v2\/comments?post=627538"}],"wp:featuredmedia":[{"embeddable":true,"href":"https:\/\/aukinkochile.com\/web\/wp-json\/wp\/v2\/media\/627537"}],"wp:attachment":[{"href":"https:\/\/aukinkochile.com\/web\/wp-json\/wp\/v2\/media?parent=627538"}],"wp:term":[{"taxonomy":"product_brand","embeddable":true,"href":"https:\/\/aukinkochile.com\/web\/wp-json\/wp\/v2\/product_brand?post=627538"},{"taxonomy":"product_cat","embeddable":true,"href":"https:\/\/aukinkochile.com\/web\/wp-json\/wp\/v2\/product_cat?post=627538"},{"taxonomy":"product_tag","embeddable":true,"href":"https:\/\/aukinkochile.com\/web\/wp-json\/wp\/v2\/product_tag?post=627538"}],"curies":[{"name":"wp","href":"https:\/\/api.w.org\/{rel}","templated":true}]}}