{"id":627532,"date":"2024-02-06T18:43:12","date_gmt":"2024-02-06T18:43:12","guid":{"rendered":"https:\/\/aukinkochile.com\/web\/producto\/matematicas-paletti-base-madera\/"},"modified":"2026-04-07T16:26:59","modified_gmt":"2026-04-07T16:26:59","slug":"matematicas-paletti-base-madera","status":"publish","type":"product","link":"https:\/\/aukinkochile.com\/web\/producto\/matematicas-paletti-base-madera\/","title":{"rendered":"Matem\u00e1ticas Paletti Base Madera"},"content":{"rendered":"<p>Base de paletti para la formaci\u00f3n de lenguaje, matem\u00e1ticas, estudios sociales, percepci\u00f3n y concentraci\u00f3n en todo lo correspondiente al plan de estudios de la b\u00e1sica. Base con los c\u00edrculos de madera de colores. No incluye discos de actividades.<\/p>\n<p><p><strong>Material : <\/strong> Madera<\/p>\n<p><strong>C\u00f3digo Aukinko : <\/strong> 07-2900<\/p>\n<p><strong>C\u00f3digo Convenio Marco : <\/strong> x<\/p>\n","protected":false},"excerpt":{"rendered":"<p>Base de paletti para la formaci\u00f3n de lenguaje, matem\u00e1ticas, estudios sociales, percepci\u00f3n y concentraci\u00f3n en todo lo correspondiente al plan de estudios de la b\u00e1sica. Base con los c\u00edrculos de madera de colores. No incluye discos de actividades. Material : Madera C\u00f3digo Aukinko : 07-2900 C\u00f3digo Convenio Marco : x<\/p>\n","protected":false},"featured_media":627531,"comment_status":"open","ping_status":"closed","template":"","meta":{"_et_pb_use_builder":"","_et_pb_old_content":"","_et_gb_content_width":""},"product_brand":[],"product_cat":[91,90],"product_tag":[],"class_list":{"0":"post-627532","1":"product","2":"type-product","3":"status-publish","4":"has-post-thumbnail","6":"product_cat-accesorios-sala","7":"product_cat-matematicas","8":"pa_edad-6-a-8-anos","9":"pa_edad-8-a-10-anos","10":"pa_marca-spectra","11":"pa_medidas-5-x-28-cm-diametro","13":"first","14":"instock","15":"shipping-taxable","16":"purchasable","17":"product-type-simple"},"aioseo_notices":[],"_links":{"self":[{"href":"https:\/\/aukinkochile.com\/web\/wp-json\/wp\/v2\/product\/627532","targetHints":{"allow":["GET"]}}],"collection":[{"href":"https:\/\/aukinkochile.com\/web\/wp-json\/wp\/v2\/product"}],"about":[{"href":"https:\/\/aukinkochile.com\/web\/wp-json\/wp\/v2\/types\/product"}],"replies":[{"embeddable":true,"href":"https:\/\/aukinkochile.com\/web\/wp-json\/wp\/v2\/comments?post=627532"}],"wp:featuredmedia":[{"embeddable":true,"href":"https:\/\/aukinkochile.com\/web\/wp-json\/wp\/v2\/media\/627531"}],"wp:attachment":[{"href":"https:\/\/aukinkochile.com\/web\/wp-json\/wp\/v2\/media?parent=627532"}],"wp:term":[{"taxonomy":"product_brand","embeddable":true,"href":"https:\/\/aukinkochile.com\/web\/wp-json\/wp\/v2\/product_brand?post=627532"},{"taxonomy":"product_cat","embeddable":true,"href":"https:\/\/aukinkochile.com\/web\/wp-json\/wp\/v2\/product_cat?post=627532"},{"taxonomy":"product_tag","embeddable":true,"href":"https:\/\/aukinkochile.com\/web\/wp-json\/wp\/v2\/product_tag?post=627532"}],"curies":[{"name":"wp","href":"https:\/\/api.w.org\/{rel}","templated":true}]}}