{"id":627530,"date":"2024-02-06T18:43:11","date_gmt":"2024-02-06T18:43:11","guid":{"rendered":"https:\/\/aukinkochile.com\/web\/producto\/lenguaje-piramide-singular-plural\/"},"modified":"2026-04-07T16:26:58","modified_gmt":"2026-04-07T16:26:58","slug":"lenguaje-piramide-singular-plural","status":"publish","type":"product","link":"https:\/\/aukinkochile.com\/web\/producto\/lenguaje-piramide-singular-plural\/","title":{"rendered":"Lenguaje Pir\u00e1mide Singular, Plural"},"content":{"rendered":"<p>25 cartas triangulares con colores en las esquinas que deben calzar seg\u00fan sus frases y formar la pir\u00e1mide. Juego para aprender divirti\u00e9ndose. Idioma alem\u00e1n.<\/p>\n<p><p><strong>Material : <\/strong> Pl\u00e1stico<\/p>\n<p><strong>C\u00f3digo Aukinko : <\/strong> 07-2722<\/p>\n<p><strong>C\u00f3digo Convenio Marco : <\/strong> x<\/p>\n","protected":false},"excerpt":{"rendered":"<p>25 cartas triangulares con colores en las esquinas que deben calzar seg\u00fan sus frases y formar la pir\u00e1mide. Juego para aprender divirti\u00e9ndose. Idioma alem\u00e1n. Material : Pl\u00e1stico C\u00f3digo Aukinko : 07-2722 C\u00f3digo Convenio Marco : x<\/p>\n","protected":false},"featured_media":627529,"comment_status":"open","ping_status":"closed","template":"","meta":{"_et_pb_use_builder":"","_et_pb_old_content":"","_et_gb_content_width":""},"product_brand":[],"product_cat":[91,151],"product_tag":[],"class_list":{"0":"post-627530","1":"product","2":"type-product","3":"status-publish","4":"has-post-thumbnail","6":"product_cat-accesorios-sala","7":"product_cat-lenguaje","8":"pa_edad-6-a-8-anos","9":"pa_edad-8-a-10-anos","10":"pa_marca-spectra","11":"pa_medidas-15-x-11-x-3-cm","13":"first","14":"instock","15":"shipping-taxable","16":"purchasable","17":"product-type-simple"},"aioseo_notices":[],"_links":{"self":[{"href":"https:\/\/aukinkochile.com\/web\/wp-json\/wp\/v2\/product\/627530","targetHints":{"allow":["GET"]}}],"collection":[{"href":"https:\/\/aukinkochile.com\/web\/wp-json\/wp\/v2\/product"}],"about":[{"href":"https:\/\/aukinkochile.com\/web\/wp-json\/wp\/v2\/types\/product"}],"replies":[{"embeddable":true,"href":"https:\/\/aukinkochile.com\/web\/wp-json\/wp\/v2\/comments?post=627530"}],"wp:featuredmedia":[{"embeddable":true,"href":"https:\/\/aukinkochile.com\/web\/wp-json\/wp\/v2\/media\/627529"}],"wp:attachment":[{"href":"https:\/\/aukinkochile.com\/web\/wp-json\/wp\/v2\/media?parent=627530"}],"wp:term":[{"taxonomy":"product_brand","embeddable":true,"href":"https:\/\/aukinkochile.com\/web\/wp-json\/wp\/v2\/product_brand?post=627530"},{"taxonomy":"product_cat","embeddable":true,"href":"https:\/\/aukinkochile.com\/web\/wp-json\/wp\/v2\/product_cat?post=627530"},{"taxonomy":"product_tag","embeddable":true,"href":"https:\/\/aukinkochile.com\/web\/wp-json\/wp\/v2\/product_tag?post=627530"}],"curies":[{"name":"wp","href":"https:\/\/api.w.org\/{rel}","templated":true}]}}