{"id":627520,"date":"2024-02-06T18:43:09","date_gmt":"2024-02-06T18:43:09","guid":{"rendered":"https:\/\/aukinkochile.com\/web\/producto\/laberinto-madera-mini-set-2\/"},"modified":"2026-04-07T16:26:54","modified_gmt":"2026-04-07T16:26:54","slug":"laberinto-madera-mini-set-2","status":"publish","type":"product","link":"https:\/\/aukinkochile.com\/web\/producto\/laberinto-madera-mini-set-2\/","title":{"rendered":"Laberinto Madera Mini set 2"},"content":{"rendered":"<p>Set de 2 laberintos de colores diferentes de madera. 1 bolsa de genero que contiene 2 laberintos y 2 bolitas de acero. Juego de motricidad y precisi\u00f3n. De gran calidad y dise\u00f1o. Colores surtidos. Precio por set de 2.<\/p>\n<p><p><strong>Material : <\/strong> Madera<\/p>\n<p><strong>C\u00f3digo Aukinko : <\/strong> 07-23066<\/p>\n<p><strong>C\u00f3digo Convenio Marco : <\/strong> x<\/p>\n","protected":false},"excerpt":{"rendered":"<p>Set de 2 laberintos de colores diferentes de madera. 1 bolsa de genero que contiene 2 laberintos y 2 bolitas de acero. Juego de motricidad y precisi\u00f3n. De gran calidad y dise\u00f1o. Colores surtidos. Precio por set de 2. Material : Madera C\u00f3digo Aukinko : 07-23066 C\u00f3digo Convenio Marco : x<\/p>\n","protected":false},"featured_media":627519,"comment_status":"open","ping_status":"closed","template":"","meta":{"_et_pb_use_builder":"","_et_pb_old_content":"","_et_gb_content_width":""},"product_brand":[],"product_cat":[20],"product_tag":[],"class_list":{"0":"post-627520","1":"product","2":"type-product","3":"status-publish","4":"has-post-thumbnail","6":"product_cat-motricidad-fina","7":"pa_edad-10-anos","8":"pa_edad-5-a-6-anos","9":"pa_edad-6-a-8-anos","10":"pa_edad-8-a-10-anos","11":"pa_marca-spectra","12":"pa_medidas-1-x-12-cm-diametro-c-u","14":"first","15":"instock","16":"shipping-taxable","17":"purchasable","18":"product-type-simple"},"aioseo_notices":[],"_links":{"self":[{"href":"https:\/\/aukinkochile.com\/web\/wp-json\/wp\/v2\/product\/627520","targetHints":{"allow":["GET"]}}],"collection":[{"href":"https:\/\/aukinkochile.com\/web\/wp-json\/wp\/v2\/product"}],"about":[{"href":"https:\/\/aukinkochile.com\/web\/wp-json\/wp\/v2\/types\/product"}],"replies":[{"embeddable":true,"href":"https:\/\/aukinkochile.com\/web\/wp-json\/wp\/v2\/comments?post=627520"}],"wp:featuredmedia":[{"embeddable":true,"href":"https:\/\/aukinkochile.com\/web\/wp-json\/wp\/v2\/media\/627519"}],"wp:attachment":[{"href":"https:\/\/aukinkochile.com\/web\/wp-json\/wp\/v2\/media?parent=627520"}],"wp:term":[{"taxonomy":"product_brand","embeddable":true,"href":"https:\/\/aukinkochile.com\/web\/wp-json\/wp\/v2\/product_brand?post=627520"},{"taxonomy":"product_cat","embeddable":true,"href":"https:\/\/aukinkochile.com\/web\/wp-json\/wp\/v2\/product_cat?post=627520"},{"taxonomy":"product_tag","embeddable":true,"href":"https:\/\/aukinkochile.com\/web\/wp-json\/wp\/v2\/product_tag?post=627520"}],"curies":[{"name":"wp","href":"https:\/\/api.w.org\/{rel}","templated":true}]}}