{"id":627518,"date":"2024-02-06T18:43:08","date_gmt":"2024-02-06T18:43:08","guid":{"rendered":"https:\/\/aukinkochile.com\/web\/producto\/cubos-formas-nikitin\/"},"modified":"2026-04-07T16:26:53","modified_gmt":"2026-04-07T16:26:53","slug":"cubos-formas-nikitin","status":"publish","type":"product","link":"https:\/\/aukinkochile.com\/web\/producto\/cubos-formas-nikitin\/","title":{"rendered":"Cubos Formas Nikitin"},"content":{"rendered":"<p>Divertido juego de madera desarrollado para entrenar la percepci\u00f3n y la concentraci\u00f3n, el reconocimiento de colores y formas, reconocer el concepto de simetr\u00eda y estimular la memoria. Los ni\u00f1os y ni\u00f1as deben ordenar los diferentes cubos ilustrados con colores y formas variadas seg\u00fan secuencias que van de las m\u00e1s f\u00e1ciles a las m\u00e1s dif\u00edciles. Hay secuencias de colores y formas para armar y completar el patr\u00f3n sim\u00e9trico. Las instrucciones incluyen tambi\u00e9n juegos para entrenar la memoria. tambi\u00e9n incluye laminas en blanco para estimular a los m\u00e1s peque\u00f1os a crear sus propios patrones. Incluye 24 piezas. De material suave y resistente.<\/p>\n<p><p><strong>Material : <\/strong> Madera y Cart\u00f3n<\/p>\n<p><strong>C\u00f3digo Aukinko : <\/strong> 07-23008<\/p>\n<p><strong>C\u00f3digo Convenio Marco : <\/strong> x<\/p>\n","protected":false},"excerpt":{"rendered":"<p>Divertido juego de madera desarrollado para entrenar la percepci\u00f3n y la concentraci\u00f3n, el reconocimiento de colores y formas, reconocer el concepto de simetr\u00eda y estimular la memoria. Los ni\u00f1os y ni\u00f1as deben ordenar los diferentes cubos ilustrados con colores y formas variadas seg\u00fan secuencias que van de las m\u00e1s f\u00e1ciles a las m\u00e1s dif\u00edciles. Hay [&hellip;]<\/p>\n","protected":false},"featured_media":627517,"comment_status":"open","ping_status":"closed","template":"","meta":{"_et_pb_use_builder":"","_et_pb_old_content":"","_et_gb_content_width":""},"product_brand":[],"product_cat":[91,150],"product_tag":[],"class_list":{"0":"post-627518","1":"product","2":"type-product","3":"status-publish","4":"has-post-thumbnail","6":"product_cat-accesorios-sala","7":"product_cat-asociacion-y-logica","8":"pa_edad-4-a-5-anos","9":"pa_edad-5-a-6-anos","10":"pa_edad-6-a-8-anos","11":"pa_marca-spectra","12":"pa_medidas-2-cm","13":"pa_medidas-4415","14":"pa_medidas-5-x-19","15":"pa_medidas-5-x-5","17":"first","18":"instock","19":"shipping-taxable","20":"purchasable","21":"product-type-simple"},"aioseo_notices":[],"_links":{"self":[{"href":"https:\/\/aukinkochile.com\/web\/wp-json\/wp\/v2\/product\/627518","targetHints":{"allow":["GET"]}}],"collection":[{"href":"https:\/\/aukinkochile.com\/web\/wp-json\/wp\/v2\/product"}],"about":[{"href":"https:\/\/aukinkochile.com\/web\/wp-json\/wp\/v2\/types\/product"}],"replies":[{"embeddable":true,"href":"https:\/\/aukinkochile.com\/web\/wp-json\/wp\/v2\/comments?post=627518"}],"wp:featuredmedia":[{"embeddable":true,"href":"https:\/\/aukinkochile.com\/web\/wp-json\/wp\/v2\/media\/627517"}],"wp:attachment":[{"href":"https:\/\/aukinkochile.com\/web\/wp-json\/wp\/v2\/media?parent=627518"}],"wp:term":[{"taxonomy":"product_brand","embeddable":true,"href":"https:\/\/aukinkochile.com\/web\/wp-json\/wp\/v2\/product_brand?post=627518"},{"taxonomy":"product_cat","embeddable":true,"href":"https:\/\/aukinkochile.com\/web\/wp-json\/wp\/v2\/product_cat?post=627518"},{"taxonomy":"product_tag","embeddable":true,"href":"https:\/\/aukinkochile.com\/web\/wp-json\/wp\/v2\/product_tag?post=627518"}],"curies":[{"name":"wp","href":"https:\/\/api.w.org\/{rel}","templated":true}]}}