{"id":627516,"date":"2024-02-06T18:43:07","date_gmt":"2024-02-06T18:43:07","guid":{"rendered":"https:\/\/aukinkochile.com\/web\/producto\/matematicas-ruleta-aritmetica\/"},"modified":"2026-04-07T16:26:52","modified_gmt":"2026-04-07T16:26:52","slug":"matematicas-ruleta-aritmetica","status":"publish","type":"product","link":"https:\/\/aukinkochile.com\/web\/producto\/matematicas-ruleta-aritmetica\/","title":{"rendered":"Matem\u00e1ticas Ruleta Aritm\u00e9tica"},"content":{"rendered":"<p>Ruleta de madera para aprender jugando actividades aritm\u00e9ticas. Incluye instrucciones. <\/p>\n<p><p><strong>Material : <\/strong> Madera<\/p>\n<p><strong>C\u00f3digo Aukinko : <\/strong> 07-2227<\/p>\n<p><strong>C\u00f3digo Convenio Marco : <\/strong> x<\/p>\n","protected":false},"excerpt":{"rendered":"<p>Ruleta de madera para aprender jugando actividades aritm\u00e9ticas. Incluye instrucciones. Material : Madera C\u00f3digo Aukinko : 07-2227 C\u00f3digo Convenio Marco : x<\/p>\n","protected":false},"featured_media":627515,"comment_status":"open","ping_status":"closed","template":"","meta":{"_et_pb_use_builder":"","_et_pb_old_content":"","_et_gb_content_width":""},"product_brand":[],"product_cat":[91,90],"product_tag":[],"class_list":{"0":"post-627516","1":"product","2":"type-product","3":"status-publish","4":"has-post-thumbnail","6":"product_cat-accesorios-sala","7":"product_cat-matematicas","8":"pa_edad-10-anos","9":"pa_edad-8-a-10-anos","10":"pa_marca-spectra","11":"pa_medidas-4415","12":"pa_medidas-5-x-22","13":"pa_medidas-5-x-3-cm","15":"first","16":"instock","17":"shipping-taxable","18":"purchasable","19":"product-type-simple"},"aioseo_notices":[],"_links":{"self":[{"href":"https:\/\/aukinkochile.com\/web\/wp-json\/wp\/v2\/product\/627516","targetHints":{"allow":["GET"]}}],"collection":[{"href":"https:\/\/aukinkochile.com\/web\/wp-json\/wp\/v2\/product"}],"about":[{"href":"https:\/\/aukinkochile.com\/web\/wp-json\/wp\/v2\/types\/product"}],"replies":[{"embeddable":true,"href":"https:\/\/aukinkochile.com\/web\/wp-json\/wp\/v2\/comments?post=627516"}],"wp:featuredmedia":[{"embeddable":true,"href":"https:\/\/aukinkochile.com\/web\/wp-json\/wp\/v2\/media\/627515"}],"wp:attachment":[{"href":"https:\/\/aukinkochile.com\/web\/wp-json\/wp\/v2\/media?parent=627516"}],"wp:term":[{"taxonomy":"product_brand","embeddable":true,"href":"https:\/\/aukinkochile.com\/web\/wp-json\/wp\/v2\/product_brand?post=627516"},{"taxonomy":"product_cat","embeddable":true,"href":"https:\/\/aukinkochile.com\/web\/wp-json\/wp\/v2\/product_cat?post=627516"},{"taxonomy":"product_tag","embeddable":true,"href":"https:\/\/aukinkochile.com\/web\/wp-json\/wp\/v2\/product_tag?post=627516"}],"curies":[{"name":"wp","href":"https:\/\/api.w.org\/{rel}","templated":true}]}}