{"id":627504,"date":"2024-02-06T18:43:04","date_gmt":"2024-02-06T18:43:04","guid":{"rendered":"https:\/\/aukinkochile.com\/web\/producto\/personajes-viking-set-5\/"},"modified":"2025-04-17T18:58:26","modified_gmt":"2025-04-17T18:58:26","slug":"personajes-viking-set-5","status":"publish","type":"product","link":"https:\/\/aukinkochile.com\/web\/producto\/personajes-viking-set-5\/","title":{"rendered":"Personajes Viking set 5"},"content":{"rendered":"<p>Set de 5 personajes para complementar todo los juegos. Irrompibles, seguros y de colores fuertes y brillantes. Suaves, simples y resistentes. Sus bordes son suaves y redondeados sin filos, por lo que son seguros para p\u00e1rvulos.<\/p>\n<p><strong>Material : <\/strong> Pl\u00e1stico Resistente<\/p>\n<p><strong>C\u00f3digo Aukinko : <\/strong> 06-101130<\/p>\n<p><strong>C\u00f3digo Convenio Marco : <\/strong> x<\/p>\n","protected":false},"excerpt":{"rendered":"<p>Set de 5 personajes para complementar todo los juegos. Irrompibles, seguros y de colores fuertes y brillantes. Suaves, simples y resistentes. Sus bordes son suaves y redondeados sin filos, por lo que son seguros para p\u00e1rvulos. Material : Pl\u00e1stico Resistente C\u00f3digo Aukinko : 06-101130 C\u00f3digo Convenio Marco : x<\/p>\n","protected":false},"featured_media":631293,"comment_status":"open","ping_status":"closed","template":"","meta":{"_et_pb_use_builder":"","_et_pb_old_content":"","_et_gb_content_width":""},"product_brand":[],"product_cat":[17],"product_tag":[],"class_list":{"0":"post-627504","1":"product","2":"type-product","3":"status-publish","4":"has-post-thumbnail","6":"product_cat-juegos-de-rol","7":"pa_edad-1-a-2-anos","8":"pa_edad-2-a-3-anos","9":"pa_edad-3-a-4-anos","10":"pa_edad-4-a-5-anos","11":"pa_edad-5-a-6-anos","12":"pa_marca-viking","14":"first","15":"instock","16":"shipping-taxable","17":"purchasable","18":"product-type-simple"},"aioseo_notices":[],"_links":{"self":[{"href":"https:\/\/aukinkochile.com\/web\/wp-json\/wp\/v2\/product\/627504","targetHints":{"allow":["GET"]}}],"collection":[{"href":"https:\/\/aukinkochile.com\/web\/wp-json\/wp\/v2\/product"}],"about":[{"href":"https:\/\/aukinkochile.com\/web\/wp-json\/wp\/v2\/types\/product"}],"replies":[{"embeddable":true,"href":"https:\/\/aukinkochile.com\/web\/wp-json\/wp\/v2\/comments?post=627504"}],"wp:featuredmedia":[{"embeddable":true,"href":"https:\/\/aukinkochile.com\/web\/wp-json\/wp\/v2\/media\/631293"}],"wp:attachment":[{"href":"https:\/\/aukinkochile.com\/web\/wp-json\/wp\/v2\/media?parent=627504"}],"wp:term":[{"taxonomy":"product_brand","embeddable":true,"href":"https:\/\/aukinkochile.com\/web\/wp-json\/wp\/v2\/product_brand?post=627504"},{"taxonomy":"product_cat","embeddable":true,"href":"https:\/\/aukinkochile.com\/web\/wp-json\/wp\/v2\/product_cat?post=627504"},{"taxonomy":"product_tag","embeddable":true,"href":"https:\/\/aukinkochile.com\/web\/wp-json\/wp\/v2\/product_tag?post=627504"}],"curies":[{"name":"wp","href":"https:\/\/api.w.org\/{rel}","templated":true}]}}