{"id":627435,"date":"2024-01-12T18:59:12","date_gmt":"2024-01-12T18:59:12","guid":{"rendered":"https:\/\/aukinkochile.com\/web\/producto\/sonajero-musical-rings-4-pz\/"},"modified":"2025-11-26T21:59:05","modified_gmt":"2025-11-26T21:59:05","slug":"sonajero-musical-rings-4-pz","status":"publish","type":"product","link":"https:\/\/aukinkochile.com\/web\/producto\/sonajero-musical-rings-4-pz\/","title":{"rendered":"Sonajero Musical Rings 4 pz"},"content":{"rendered":"<p>4 gruesos anillos de colores vibrantes de el tama\u00f1o perfecto para las manos peque\u00f1as. Anillos musicales es un juguete musical que ha ganado variados premios por su dise\u00f1o. 4 preciosos anillos pl\u00e1sticos con diferentes caracter\u00edsticas y sonidos. Los instrumentos son ideales para acercar a los ni\u00f1os y ni\u00f1as a la m\u00fasica y as\u00ed desarrollar sus sensibilidad y creatividad. Fabricado en pl\u00e1stico, de material suave y resistente y colores vivos.<\/p>\n<p><p><strong>Material : <\/strong> Pl\u00e1stico<\/p>\n<p><strong>C\u00f3digo Aukinko : <\/strong> 12-688880<\/p>\n<p><strong>C\u00f3digo Convenio Marco : <\/strong> x<\/p>\n","protected":false},"excerpt":{"rendered":"<p>4 gruesos anillos de colores vibrantes de el tama\u00f1o perfecto para las manos peque\u00f1as. Anillos musicales es un juguete musical que ha ganado variados premios por su dise\u00f1o. 4 preciosos anillos pl\u00e1sticos con diferentes caracter\u00edsticas y sonidos. Los instrumentos son ideales para acercar a los ni\u00f1os y ni\u00f1as a la m\u00fasica y as\u00ed desarrollar sus [&hellip;]<\/p>\n","protected":false},"featured_media":627434,"comment_status":"open","ping_status":"closed","template":"","meta":{"_et_pb_use_builder":"","_et_pb_old_content":"","_et_gb_content_width":""},"product_brand":[],"product_cat":[91,7385,392,23],"product_tag":[],"class_list":{"0":"post-627435","1":"product","2":"type-product","3":"status-publish","4":"has-post-thumbnail","6":"product_cat-accesorios-sala","7":"product_cat-estimulacion-cognitiva-y-motora-para-adultos-mayores","8":"product_cat-musica","9":"product_cat-primeros-anos","10":"pa_edad-0-a-1-ano","11":"pa_edad-1-a-2-anos","12":"pa_edad-2-a-3-anos","13":"pa_edad-3-a-4-anos","14":"pa_marca-halilit","15":"pa_medidas-25-x-9","16":"pa_medidas-5-cm","17":"pa_medidas-5-x-18","19":"first","20":"instock","21":"shipping-taxable","22":"purchasable","23":"product-type-simple"},"aioseo_notices":[],"_links":{"self":[{"href":"https:\/\/aukinkochile.com\/web\/wp-json\/wp\/v2\/product\/627435","targetHints":{"allow":["GET"]}}],"collection":[{"href":"https:\/\/aukinkochile.com\/web\/wp-json\/wp\/v2\/product"}],"about":[{"href":"https:\/\/aukinkochile.com\/web\/wp-json\/wp\/v2\/types\/product"}],"replies":[{"embeddable":true,"href":"https:\/\/aukinkochile.com\/web\/wp-json\/wp\/v2\/comments?post=627435"}],"wp:featuredmedia":[{"embeddable":true,"href":"https:\/\/aukinkochile.com\/web\/wp-json\/wp\/v2\/media\/627434"}],"wp:attachment":[{"href":"https:\/\/aukinkochile.com\/web\/wp-json\/wp\/v2\/media?parent=627435"}],"wp:term":[{"taxonomy":"product_brand","embeddable":true,"href":"https:\/\/aukinkochile.com\/web\/wp-json\/wp\/v2\/product_brand?post=627435"},{"taxonomy":"product_cat","embeddable":true,"href":"https:\/\/aukinkochile.com\/web\/wp-json\/wp\/v2\/product_cat?post=627435"},{"taxonomy":"product_tag","embeddable":true,"href":"https:\/\/aukinkochile.com\/web\/wp-json\/wp\/v2\/product_tag?post=627435"}],"curies":[{"name":"wp","href":"https:\/\/api.w.org\/{rel}","templated":true}]}}