{"id":627419,"date":"2024-01-12T18:59:04","date_gmt":"2024-01-12T18:59:04","guid":{"rendered":"https:\/\/aukinkochile.com\/web\/producto\/sonajero-3-huevos-3-sonidos\/"},"modified":"2026-03-27T16:56:03","modified_gmt":"2026-03-27T16:56:03","slug":"sonajero-3-huevos-3-sonidos","status":"publish","type":"product","link":"https:\/\/aukinkochile.com\/web\/producto\/sonajero-3-huevos-3-sonidos\/","title":{"rendered":"Sonajero Huevo Sonoro 3 pz"},"content":{"rendered":"<p>Un hermoso set de huevos sonoros de excelente calidad y sonido que combinan un instrumento cl\u00e1sico con un dise\u00f1o moderno. Un instrumento de percusi\u00f3n ideal para introducir a los m\u00e1s peque\u00f1os a la m\u00fasica de una forma muy divertida y tambi\u00e9n para tocar en todo momento de la vida. Los instrumentos son ideales para acercar a los ni\u00f1os y ni\u00f1as a la m\u00fasica y as\u00ed desarrollar sus sensibilidad y creatividad. Fabricado en pl\u00e1stico, de material suave y resistente y colores vivos.<\/p>\n<p><p><strong>Material : <\/strong> Pl\u00e1stico<\/p>\n<p><strong>C\u00f3digo Aukinko : <\/strong> 12-635703<\/p>\n<p><strong>C\u00f3digo Convenio Marco : <\/strong> x<\/p>\n","protected":false},"excerpt":{"rendered":"<p>Un hermoso set de huevos sonoros de excelente calidad y sonido que combinan un instrumento cl\u00e1sico con un dise\u00f1o moderno. Un instrumento de percusi\u00f3n ideal para introducir a los m\u00e1s peque\u00f1os a la m\u00fasica de una forma muy divertida y tambi\u00e9n para tocar en todo momento de la vida. Los instrumentos son ideales para acercar [&hellip;]<\/p>\n","protected":false},"featured_media":627418,"comment_status":"open","ping_status":"closed","template":"","meta":{"_et_pb_use_builder":"","_et_pb_old_content":"","_et_gb_content_width":""},"product_brand":[],"product_cat":[91,392],"product_tag":[],"class_list":{"0":"post-627419","1":"product","2":"type-product","3":"status-publish","4":"has-post-thumbnail","6":"product_cat-accesorios-sala","7":"product_cat-musica","8":"pa_edad-1-a-2-anos","9":"pa_edad-10-anos","10":"pa_edad-2-a-3-anos","11":"pa_edad-3-a-4-anos","12":"pa_edad-4-a-5-anos","13":"pa_edad-5-a-6-anos","14":"pa_edad-6-a-8-anos","15":"pa_edad-8-a-10-anos","16":"pa_marca-halilit","17":"pa_medidas-4521","18":"pa_medidas-5-x-19","19":"pa_medidas-5-x-4","20":"pa_medidas-9-cm","22":"first","23":"instock","24":"shipping-taxable","25":"purchasable","26":"product-type-simple"},"aioseo_notices":[],"_links":{"self":[{"href":"https:\/\/aukinkochile.com\/web\/wp-json\/wp\/v2\/product\/627419","targetHints":{"allow":["GET"]}}],"collection":[{"href":"https:\/\/aukinkochile.com\/web\/wp-json\/wp\/v2\/product"}],"about":[{"href":"https:\/\/aukinkochile.com\/web\/wp-json\/wp\/v2\/types\/product"}],"replies":[{"embeddable":true,"href":"https:\/\/aukinkochile.com\/web\/wp-json\/wp\/v2\/comments?post=627419"}],"wp:featuredmedia":[{"embeddable":true,"href":"https:\/\/aukinkochile.com\/web\/wp-json\/wp\/v2\/media\/627418"}],"wp:attachment":[{"href":"https:\/\/aukinkochile.com\/web\/wp-json\/wp\/v2\/media?parent=627419"}],"wp:term":[{"taxonomy":"product_brand","embeddable":true,"href":"https:\/\/aukinkochile.com\/web\/wp-json\/wp\/v2\/product_brand?post=627419"},{"taxonomy":"product_cat","embeddable":true,"href":"https:\/\/aukinkochile.com\/web\/wp-json\/wp\/v2\/product_cat?post=627419"},{"taxonomy":"product_tag","embeddable":true,"href":"https:\/\/aukinkochile.com\/web\/wp-json\/wp\/v2\/product_tag?post=627419"}],"curies":[{"name":"wp","href":"https:\/\/api.w.org\/{rel}","templated":true}]}}