{"id":627417,"date":"2024-01-12T18:59:04","date_gmt":"2024-01-12T18:59:04","guid":{"rendered":"https:\/\/aukinkochile.com\/web\/producto\/instrumento-xilofono-baby-azul\/"},"modified":"2025-11-26T21:58:59","modified_gmt":"2025-11-26T21:58:59","slug":"instrumento-xilofono-baby-azul","status":"publish","type":"product","link":"https:\/\/aukinkochile.com\/web\/producto\/instrumento-xilofono-baby-azul\/","title":{"rendered":"Instrumento Xil\u00f3fono Baby Azul"},"content":{"rendered":"<p>Un xil\u00f3fono con precisi\u00f3n espec\u00edficamente dise\u00f1ado para los mas peque\u00f1os. Las barras de las notas son inaccesibles para los dedos de los ni\u00f1os. Es tan f\u00e1cil de hacer m\u00fasica con este xil\u00f3fono, incluso para principiantes. Un instrumento con la escala pentat\u00f3nica con 8 notas sintonizada especial para los mas peque\u00f1os.<\/p>\n<p><p><strong>Material : <\/strong> Pl\u00e1stico y Metal<\/p>\n<p><strong>C\u00f3digo Aukinko : <\/strong> 12-630080<\/p>\n<p><strong>C\u00f3digo Convenio Marco : <\/strong> x<\/p>\n","protected":false},"excerpt":{"rendered":"<p>Un xil\u00f3fono con precisi\u00f3n espec\u00edficamente dise\u00f1ado para los mas peque\u00f1os. Las barras de las notas son inaccesibles para los dedos de los ni\u00f1os. Es tan f\u00e1cil de hacer m\u00fasica con este xil\u00f3fono, incluso para principiantes. Un instrumento con la escala pentat\u00f3nica con 8 notas sintonizada especial para los mas peque\u00f1os. Material : Pl\u00e1stico y Metal [&hellip;]<\/p>\n","protected":false},"featured_media":627416,"comment_status":"open","ping_status":"closed","template":"","meta":{"_et_pb_use_builder":"","_et_pb_old_content":"","_et_gb_content_width":""},"product_brand":[],"product_cat":[91,7385,392],"product_tag":[],"class_list":{"0":"post-627417","1":"product","2":"type-product","3":"status-publish","4":"has-post-thumbnail","6":"product_cat-accesorios-sala","7":"product_cat-estimulacion-cognitiva-y-motora-para-adultos-mayores","8":"product_cat-musica","9":"pa_edad-2-a-3-anos","10":"pa_edad-3-a-4-anos","11":"pa_edad-4-a-5-anos","12":"pa_edad-5-a-6-anos","13":"pa_edad-6-a-8-anos","14":"pa_marca-halilit","15":"pa_medidas-28-x-14-x-3","16":"pa_medidas-5-cm","18":"first","19":"instock","20":"shipping-taxable","21":"purchasable","22":"product-type-simple"},"aioseo_notices":[],"_links":{"self":[{"href":"https:\/\/aukinkochile.com\/web\/wp-json\/wp\/v2\/product\/627417","targetHints":{"allow":["GET"]}}],"collection":[{"href":"https:\/\/aukinkochile.com\/web\/wp-json\/wp\/v2\/product"}],"about":[{"href":"https:\/\/aukinkochile.com\/web\/wp-json\/wp\/v2\/types\/product"}],"replies":[{"embeddable":true,"href":"https:\/\/aukinkochile.com\/web\/wp-json\/wp\/v2\/comments?post=627417"}],"wp:featuredmedia":[{"embeddable":true,"href":"https:\/\/aukinkochile.com\/web\/wp-json\/wp\/v2\/media\/627416"}],"wp:attachment":[{"href":"https:\/\/aukinkochile.com\/web\/wp-json\/wp\/v2\/media?parent=627417"}],"wp:term":[{"taxonomy":"product_brand","embeddable":true,"href":"https:\/\/aukinkochile.com\/web\/wp-json\/wp\/v2\/product_brand?post=627417"},{"taxonomy":"product_cat","embeddable":true,"href":"https:\/\/aukinkochile.com\/web\/wp-json\/wp\/v2\/product_cat?post=627417"},{"taxonomy":"product_tag","embeddable":true,"href":"https:\/\/aukinkochile.com\/web\/wp-json\/wp\/v2\/product_tag?post=627417"}],"curies":[{"name":"wp","href":"https:\/\/api.w.org\/{rel}","templated":true}]}}