{"id":627408,"date":"2024-01-12T18:59:01","date_gmt":"2024-01-12T18:59:01","guid":{"rendered":"https:\/\/aukinkochile.com\/web\/producto\/instrumento-toddler-orquesta-5-pz\/"},"modified":"2025-11-26T21:58:58","modified_gmt":"2025-11-26T21:58:58","slug":"instrumento-toddler-orquesta-5-pz","status":"publish","type":"product","link":"https:\/\/aukinkochile.com\/web\/producto\/instrumento-toddler-orquesta-5-pz\/","title":{"rendered":"Instrumento Toddler Orquesta 5 pz"},"content":{"rendered":"<p>Hermoso set de instrumentos de excelente calidad y sonido para iniciar a los m\u00e1s peque\u00f1os en la m\u00fasica de una forma muy divertida. Este set incluye 5 instrumentos de pl\u00e1stico de material suave y resistente y colores vivos. Los instrumentos son ideales para acercar a los ni\u00f1os y ni\u00f1as a la m\u00fasica y as\u00ed desarrollar sus sensibilidad y creatividad.<\/p>\n<p><p><strong>Material : <\/strong> Pl\u00e1stico<\/p>\n<p><strong>C\u00f3digo Aukinko : <\/strong> 12-604001<\/p>\n<p><strong>C\u00f3digo Convenio Marco : <\/strong> x<\/p>\n","protected":false},"excerpt":{"rendered":"<p>Hermoso set de instrumentos de excelente calidad y sonido para iniciar a los m\u00e1s peque\u00f1os en la m\u00fasica de una forma muy divertida. Este set incluye 5 instrumentos de pl\u00e1stico de material suave y resistente y colores vivos. Los instrumentos son ideales para acercar a los ni\u00f1os y ni\u00f1as a la m\u00fasica y as\u00ed desarrollar [&hellip;]<\/p>\n","protected":false},"featured_media":627407,"comment_status":"open","ping_status":"closed","template":"","meta":{"_et_pb_use_builder":"","_et_pb_old_content":"","_et_gb_content_width":""},"product_brand":[],"product_cat":[91,392],"product_tag":[],"class_list":{"0":"post-627408","1":"product","2":"type-product","3":"status-publish","4":"has-post-thumbnail","6":"product_cat-accesorios-sala","7":"product_cat-musica","8":"pa_edad-1-a-2-anos","9":"pa_edad-2-a-3-anos","10":"pa_edad-3-a-4-anos","11":"pa_edad-4-a-5-anos","12":"pa_edad-5-a-6-anos","13":"pa_marca-halilit","14":"pa_medidas-4336","15":"pa_medidas-5-x-23-x-6","16":"pa_medidas-8-cm","18":"first","19":"instock","20":"shipping-taxable","21":"purchasable","22":"product-type-simple"},"aioseo_notices":[],"_links":{"self":[{"href":"https:\/\/aukinkochile.com\/web\/wp-json\/wp\/v2\/product\/627408","targetHints":{"allow":["GET"]}}],"collection":[{"href":"https:\/\/aukinkochile.com\/web\/wp-json\/wp\/v2\/product"}],"about":[{"href":"https:\/\/aukinkochile.com\/web\/wp-json\/wp\/v2\/types\/product"}],"replies":[{"embeddable":true,"href":"https:\/\/aukinkochile.com\/web\/wp-json\/wp\/v2\/comments?post=627408"}],"wp:featuredmedia":[{"embeddable":true,"href":"https:\/\/aukinkochile.com\/web\/wp-json\/wp\/v2\/media\/627407"}],"wp:attachment":[{"href":"https:\/\/aukinkochile.com\/web\/wp-json\/wp\/v2\/media?parent=627408"}],"wp:term":[{"taxonomy":"product_brand","embeddable":true,"href":"https:\/\/aukinkochile.com\/web\/wp-json\/wp\/v2\/product_brand?post=627408"},{"taxonomy":"product_cat","embeddable":true,"href":"https:\/\/aukinkochile.com\/web\/wp-json\/wp\/v2\/product_cat?post=627408"},{"taxonomy":"product_tag","embeddable":true,"href":"https:\/\/aukinkochile.com\/web\/wp-json\/wp\/v2\/product_tag?post=627408"}],"curies":[{"name":"wp","href":"https:\/\/api.w.org\/{rel}","templated":true}]}}