{"id":627404,"date":"2024-01-12T18:58:59","date_gmt":"2024-01-12T18:58:59","guid":{"rendered":"https:\/\/aukinkochile.com\/web\/producto\/sonajero-discos-rolling-2-pz\/"},"modified":"2025-11-26T21:58:58","modified_gmt":"2025-11-26T21:58:58","slug":"sonajero-discos-rolling-2-pz","status":"publish","type":"product","link":"https:\/\/aukinkochile.com\/web\/producto\/sonajero-discos-rolling-2-pz\/","title":{"rendered":"Sonajero Discos Rolling 2 pz"},"content":{"rendered":"<p>Este divertido juego de discos es ideal para acercar a los ni\u00f1os y ni\u00f1as peque\u00f1as a las nociones de sonidos a trav\u00e9s del choque de dos elementos, introduce el concepto de causa y efecto. Un juego dise\u00f1ado especialmente para que los m\u00e1s peque\u00f1os puedan encastrar y desencastrar los dos discos desarrollando as\u00ed la coordinaci\u00f3n mano-ojo y la motricidad fina. Un juego de sonido que funciona tanto por separado como uni\u00e9ndolos. Fabricado en pl\u00e1stico, de material suave y resistente y colores vivos.<\/p>\n<p><p><strong>Material : <\/strong> Pl\u00e1stico<\/p>\n<p><strong>C\u00f3digo Aukinko : <\/strong> 12-600498<\/p>\n<p><strong>C\u00f3digo Convenio Marco : <\/strong> x<\/p>\n","protected":false},"excerpt":{"rendered":"<p>Este divertido juego de discos es ideal para acercar a los ni\u00f1os y ni\u00f1as peque\u00f1as a las nociones de sonidos a trav\u00e9s del choque de dos elementos, introduce el concepto de causa y efecto. Un juego dise\u00f1ado especialmente para que los m\u00e1s peque\u00f1os puedan encastrar y desencastrar los dos discos desarrollando as\u00ed la coordinaci\u00f3n mano-ojo [&hellip;]<\/p>\n","protected":false},"featured_media":627403,"comment_status":"open","ping_status":"closed","template":"","meta":{"_et_pb_use_builder":"","_et_pb_old_content":"","_et_gb_content_width":""},"product_brand":[],"product_cat":[91,392,23],"product_tag":[],"class_list":{"0":"post-627404","1":"product","2":"type-product","3":"status-publish","4":"has-post-thumbnail","6":"product_cat-accesorios-sala","7":"product_cat-musica","8":"product_cat-primeros-anos","9":"pa_edad-0-a-1-ano","10":"pa_edad-1-a-2-anos","11":"pa_marca-halilit","12":"pa_medidas-12-x-6","13":"pa_medidas-5-cm","14":"pa_medidas-5-x-9","16":"first","17":"instock","18":"shipping-taxable","19":"purchasable","20":"product-type-simple"},"aioseo_notices":[],"_links":{"self":[{"href":"https:\/\/aukinkochile.com\/web\/wp-json\/wp\/v2\/product\/627404","targetHints":{"allow":["GET"]}}],"collection":[{"href":"https:\/\/aukinkochile.com\/web\/wp-json\/wp\/v2\/product"}],"about":[{"href":"https:\/\/aukinkochile.com\/web\/wp-json\/wp\/v2\/types\/product"}],"replies":[{"embeddable":true,"href":"https:\/\/aukinkochile.com\/web\/wp-json\/wp\/v2\/comments?post=627404"}],"wp:featuredmedia":[{"embeddable":true,"href":"https:\/\/aukinkochile.com\/web\/wp-json\/wp\/v2\/media\/627403"}],"wp:attachment":[{"href":"https:\/\/aukinkochile.com\/web\/wp-json\/wp\/v2\/media?parent=627404"}],"wp:term":[{"taxonomy":"product_brand","embeddable":true,"href":"https:\/\/aukinkochile.com\/web\/wp-json\/wp\/v2\/product_brand?post=627404"},{"taxonomy":"product_cat","embeddable":true,"href":"https:\/\/aukinkochile.com\/web\/wp-json\/wp\/v2\/product_cat?post=627404"},{"taxonomy":"product_tag","embeddable":true,"href":"https:\/\/aukinkochile.com\/web\/wp-json\/wp\/v2\/product_tag?post=627404"}],"curies":[{"name":"wp","href":"https:\/\/api.w.org\/{rel}","templated":true}]}}