{"id":627087,"date":"2024-01-09T15:01:47","date_gmt":"2024-01-09T15:01:47","guid":{"rendered":"https:\/\/aukinkochile.com\/web\/producto\/mordedor-elefante\/"},"modified":"2026-01-09T21:42:52","modified_gmt":"2026-01-09T21:42:52","slug":"mordedor-elefante","status":"publish","type":"product","link":"https:\/\/aukinkochile.com\/web\/producto\/mordedor-elefante\/","title":{"rendered":"Mordedor Elefante"},"content":{"rendered":"<p>Este amigable Elefante est\u00e1 dise\u00f1ado con \u00e1reas duras y blandas que se agarran f\u00e1cilmente con las manos peque\u00f1as. El cuerpo de caucho natural org\u00e1nico puro de este hermoso hipop\u00f3tamo es excelente como mordedor para ayudar a calmar las enc\u00edas irritadas. Material no t\u00f3xico, fabricado en caucho org\u00e1nico natural puro. Todos los productos de esta maravillosa marca son fabricados de forma sostenible y con materiales biodegradables, fabricaci\u00f3n socialmente responsable, hecho a mano.<\/p>\n<p><p><strong>Material : <\/strong> Caucho Natural 100% Org\u00e1nico<\/p>\n<p><strong>C\u00f3digo Aukinko : <\/strong> 18-478314<\/p>\n<p><strong>C\u00f3digo Convenio Marco : <\/strong> x<\/p>\n","protected":false},"excerpt":{"rendered":"<p>Este amigable Elefante est\u00e1 dise\u00f1ado con \u00e1reas duras y blandas que se agarran f\u00e1cilmente con las manos peque\u00f1as. El cuerpo de caucho natural org\u00e1nico puro de este hermoso hipop\u00f3tamo es excelente como mordedor para ayudar a calmar las enc\u00edas irritadas. Material no t\u00f3xico, fabricado en caucho org\u00e1nico natural puro. Todos los productos de esta maravillosa [&hellip;]<\/p>\n","protected":false},"featured_media":627086,"comment_status":"open","ping_status":"closed","template":"","meta":{"_et_pb_use_builder":"","_et_pb_old_content":"","_et_gb_content_width":""},"product_brand":[],"product_cat":[23],"product_tag":[],"class_list":{"0":"post-627087","1":"product","2":"type-product","3":"status-publish","4":"has-post-thumbnail","6":"product_cat-primeros-anos","7":"pa_edad-0-a-1-ano","8":"pa_marca-tikiri","9":"pa_medidas-11-cm","11":"first","12":"instock","13":"shipping-taxable","14":"purchasable","15":"product-type-simple"},"aioseo_notices":[],"_links":{"self":[{"href":"https:\/\/aukinkochile.com\/web\/wp-json\/wp\/v2\/product\/627087","targetHints":{"allow":["GET"]}}],"collection":[{"href":"https:\/\/aukinkochile.com\/web\/wp-json\/wp\/v2\/product"}],"about":[{"href":"https:\/\/aukinkochile.com\/web\/wp-json\/wp\/v2\/types\/product"}],"replies":[{"embeddable":true,"href":"https:\/\/aukinkochile.com\/web\/wp-json\/wp\/v2\/comments?post=627087"}],"wp:featuredmedia":[{"embeddable":true,"href":"https:\/\/aukinkochile.com\/web\/wp-json\/wp\/v2\/media\/627086"}],"wp:attachment":[{"href":"https:\/\/aukinkochile.com\/web\/wp-json\/wp\/v2\/media?parent=627087"}],"wp:term":[{"taxonomy":"product_brand","embeddable":true,"href":"https:\/\/aukinkochile.com\/web\/wp-json\/wp\/v2\/product_brand?post=627087"},{"taxonomy":"product_cat","embeddable":true,"href":"https:\/\/aukinkochile.com\/web\/wp-json\/wp\/v2\/product_cat?post=627087"},{"taxonomy":"product_tag","embeddable":true,"href":"https:\/\/aukinkochile.com\/web\/wp-json\/wp\/v2\/product_tag?post=627087"}],"curies":[{"name":"wp","href":"https:\/\/api.w.org\/{rel}","templated":true}]}}