{"id":627009,"date":"2024-01-04T18:45:27","date_gmt":"2024-01-04T18:45:27","guid":{"rendered":"https:\/\/aukinkochile.com\/web\/producto\/telescopio-con-extension\/"},"modified":"2025-12-04T19:45:17","modified_gmt":"2025-12-04T19:45:17","slug":"telescopio-con-extension","status":"publish","type":"product","link":"https:\/\/aukinkochile.com\/web\/producto\/telescopio-con-extension\/","title":{"rendered":"Telescopio con Extensi\u00f3n"},"content":{"rendered":"<p>Telescopio terrestre 40 mm con extensi\u00f3n, tr\u00edpode y telescopio buscador. De excelente calidad y visi\u00f3n.<\/p>\n<p><p><strong>Material : <\/strong> Pl\u00e1stico<\/p>\n<p><strong>C\u00f3digo Aukinko : <\/strong> 12-10805<\/p>\n<p><strong>C\u00f3digo Convenio Marco : <\/strong> x<\/p>\n","protected":false},"excerpt":{"rendered":"<p>Telescopio terrestre 40 mm con extensi\u00f3n, tr\u00edpode y telescopio buscador. De excelente calidad y visi\u00f3n. Material : Pl\u00e1stico C\u00f3digo Aukinko : 12-10805 C\u00f3digo Convenio Marco : x<\/p>\n","protected":false},"featured_media":627008,"comment_status":"open","ping_status":"closed","template":"","meta":{"_et_pb_use_builder":"","_et_pb_old_content":"","_et_gb_content_width":""},"product_brand":[],"product_cat":[92],"product_tag":[],"class_list":{"0":"post-627009","1":"product","2":"type-product","3":"status-publish","4":"has-post-thumbnail","6":"product_cat-ciencias","7":"pa_edad-10-anos","8":"pa_edad-5-a-6-anos","9":"pa_edad-6-a-8-anos","10":"pa_edad-8-a-10-anos","11":"pa_marca-edu-science","12":"pa_medidas-1-x-7-x-18-cm","13":"pa_medidas-7027","15":"first","16":"instock","17":"shipping-taxable","18":"purchasable","19":"product-type-simple"},"aioseo_notices":[],"_links":{"self":[{"href":"https:\/\/aukinkochile.com\/web\/wp-json\/wp\/v2\/product\/627009","targetHints":{"allow":["GET"]}}],"collection":[{"href":"https:\/\/aukinkochile.com\/web\/wp-json\/wp\/v2\/product"}],"about":[{"href":"https:\/\/aukinkochile.com\/web\/wp-json\/wp\/v2\/types\/product"}],"replies":[{"embeddable":true,"href":"https:\/\/aukinkochile.com\/web\/wp-json\/wp\/v2\/comments?post=627009"}],"wp:featuredmedia":[{"embeddable":true,"href":"https:\/\/aukinkochile.com\/web\/wp-json\/wp\/v2\/media\/627008"}],"wp:attachment":[{"href":"https:\/\/aukinkochile.com\/web\/wp-json\/wp\/v2\/media?parent=627009"}],"wp:term":[{"taxonomy":"product_brand","embeddable":true,"href":"https:\/\/aukinkochile.com\/web\/wp-json\/wp\/v2\/product_brand?post=627009"},{"taxonomy":"product_cat","embeddable":true,"href":"https:\/\/aukinkochile.com\/web\/wp-json\/wp\/v2\/product_cat?post=627009"},{"taxonomy":"product_tag","embeddable":true,"href":"https:\/\/aukinkochile.com\/web\/wp-json\/wp\/v2\/product_tag?post=627009"}],"curies":[{"name":"wp","href":"https:\/\/api.w.org\/{rel}","templated":true}]}}