{"id":627003,"date":"2024-01-04T18:45:25","date_gmt":"2024-01-04T18:45:25","guid":{"rendered":"https:\/\/aukinkochile.com\/web\/producto\/reloj-de-arena-set-5\/"},"modified":"2025-12-04T19:45:15","modified_gmt":"2025-12-04T19:45:15","slug":"reloj-de-arena-set-5","status":"publish","type":"product","link":"https:\/\/aukinkochile.com\/web\/producto\/reloj-de-arena-set-5\/","title":{"rendered":"Reloj de Arena set 5 pz"},"content":{"rendered":"<p>Un conjunto con 5 reloj de arena para coordinar con el timer estudiante que ser\u00e1 visible alrededor de la sala.<\/p>\n<p><p><strong>Material : <\/strong> Pl\u00e1stico<\/p>\n<p><strong>C\u00f3digo Aukinko : <\/strong> 12-10194<\/p>\n<p><strong>C\u00f3digo Convenio Marco : <\/strong> x<\/p>\n","protected":false},"excerpt":{"rendered":"<p>Un conjunto con 5 reloj de arena para coordinar con el timer estudiante que ser\u00e1 visible alrededor de la sala. Material : Pl\u00e1stico C\u00f3digo Aukinko : 12-10194 C\u00f3digo Convenio Marco : x<\/p>\n","protected":false},"featured_media":627002,"comment_status":"open","ping_status":"closed","template":"","meta":{"_et_pb_use_builder":"","_et_pb_old_content":"","_et_gb_content_width":""},"product_brand":[],"product_cat":[91,92,90],"product_tag":[],"class_list":{"0":"post-627003","1":"product","2":"type-product","3":"status-publish","4":"has-post-thumbnail","6":"product_cat-accesorios-sala","7":"product_cat-ciencias","8":"product_cat-matematicas","9":"pa_edad-10-anos","10":"pa_edad-6-a-8-anos","11":"pa_edad-8-a-10-anos","12":"pa_marca-edu-science","13":"pa_medidas-4569","14":"pa_medidas-5-cm","15":"pa_medidas-5-x-24","16":"pa_medidas-8-x-7","18":"first","19":"instock","20":"shipping-taxable","21":"purchasable","22":"product-type-simple"},"aioseo_notices":[],"_links":{"self":[{"href":"https:\/\/aukinkochile.com\/web\/wp-json\/wp\/v2\/product\/627003","targetHints":{"allow":["GET"]}}],"collection":[{"href":"https:\/\/aukinkochile.com\/web\/wp-json\/wp\/v2\/product"}],"about":[{"href":"https:\/\/aukinkochile.com\/web\/wp-json\/wp\/v2\/types\/product"}],"replies":[{"embeddable":true,"href":"https:\/\/aukinkochile.com\/web\/wp-json\/wp\/v2\/comments?post=627003"}],"wp:featuredmedia":[{"embeddable":true,"href":"https:\/\/aukinkochile.com\/web\/wp-json\/wp\/v2\/media\/627002"}],"wp:attachment":[{"href":"https:\/\/aukinkochile.com\/web\/wp-json\/wp\/v2\/media?parent=627003"}],"wp:term":[{"taxonomy":"product_brand","embeddable":true,"href":"https:\/\/aukinkochile.com\/web\/wp-json\/wp\/v2\/product_brand?post=627003"},{"taxonomy":"product_cat","embeddable":true,"href":"https:\/\/aukinkochile.com\/web\/wp-json\/wp\/v2\/product_cat?post=627003"},{"taxonomy":"product_tag","embeddable":true,"href":"https:\/\/aukinkochile.com\/web\/wp-json\/wp\/v2\/product_tag?post=627003"}],"curies":[{"name":"wp","href":"https:\/\/api.w.org\/{rel}","templated":true}]}}