{"id":627001,"date":"2024-01-04T18:45:25","date_gmt":"2024-01-04T18:45:25","guid":{"rendered":"https:\/\/aukinkochile.com\/web\/producto\/jardin-pala-y-rastrillo\/"},"modified":"2025-12-04T19:45:15","modified_gmt":"2025-12-04T19:45:15","slug":"jardin-pala-y-rastrillo","status":"publish","type":"product","link":"https:\/\/aukinkochile.com\/web\/producto\/jardin-pala-y-rastrillo\/","title":{"rendered":"Jard\u00edn Pala Y Rastrillo"},"content":{"rendered":"<p>Pala y rastrillo de 26 cm con agujeros en los extremos para almacenamiento f\u00e1cil. Ideal para el uso en el interior y al aire libre. Herramientas robustas para el peque\u00f1o jardinero. <\/p>\n<p><p><strong>Material : <\/strong> Pl\u00e1stico<\/p>\n<p><strong>C\u00f3digo Aukinko : <\/strong> 12-10148<\/p>\n<p><strong>C\u00f3digo Convenio Marco : <\/strong> x<\/p>\n","protected":false},"excerpt":{"rendered":"<p>Pala y rastrillo de 26 cm con agujeros en los extremos para almacenamiento f\u00e1cil. Ideal para el uso en el interior y al aire libre. Herramientas robustas para el peque\u00f1o jardinero. Material : Pl\u00e1stico C\u00f3digo Aukinko : 12-10148 C\u00f3digo Convenio Marco : x<\/p>\n","protected":false},"featured_media":627000,"comment_status":"open","ping_status":"closed","template":"","meta":{"_et_pb_use_builder":"","_et_pb_old_content":"","_et_gb_content_width":""},"product_brand":[],"product_cat":[1005,17],"product_tag":[],"class_list":{"0":"post-627001","1":"product","2":"type-product","3":"status-publish","4":"has-post-thumbnail","6":"product_cat-accesorios-patio","7":"product_cat-juegos-de-rol","8":"pa_edad-10-anos","9":"pa_edad-2-a-3-anos","10":"pa_edad-3-a-4-anos","11":"pa_edad-4-a-5-anos","12":"pa_edad-5-a-6-anos","13":"pa_edad-6-a-8-anos","14":"pa_edad-8-a-10-anos","15":"pa_marca-edu-science","16":"pa_medidas-29-x-4-x-18-cm","18":"first","19":"instock","20":"shipping-taxable","21":"purchasable","22":"product-type-simple"},"aioseo_notices":[],"_links":{"self":[{"href":"https:\/\/aukinkochile.com\/web\/wp-json\/wp\/v2\/product\/627001","targetHints":{"allow":["GET"]}}],"collection":[{"href":"https:\/\/aukinkochile.com\/web\/wp-json\/wp\/v2\/product"}],"about":[{"href":"https:\/\/aukinkochile.com\/web\/wp-json\/wp\/v2\/types\/product"}],"replies":[{"embeddable":true,"href":"https:\/\/aukinkochile.com\/web\/wp-json\/wp\/v2\/comments?post=627001"}],"wp:featuredmedia":[{"embeddable":true,"href":"https:\/\/aukinkochile.com\/web\/wp-json\/wp\/v2\/media\/627000"}],"wp:attachment":[{"href":"https:\/\/aukinkochile.com\/web\/wp-json\/wp\/v2\/media?parent=627001"}],"wp:term":[{"taxonomy":"product_brand","embeddable":true,"href":"https:\/\/aukinkochile.com\/web\/wp-json\/wp\/v2\/product_brand?post=627001"},{"taxonomy":"product_cat","embeddable":true,"href":"https:\/\/aukinkochile.com\/web\/wp-json\/wp\/v2\/product_cat?post=627001"},{"taxonomy":"product_tag","embeddable":true,"href":"https:\/\/aukinkochile.com\/web\/wp-json\/wp\/v2\/product_tag?post=627001"}],"curies":[{"name":"wp","href":"https:\/\/api.w.org\/{rel}","templated":true}]}}