{"id":626999,"date":"2024-01-04T18:45:24","date_gmt":"2024-01-04T18:45:24","guid":{"rendered":"https:\/\/aukinkochile.com\/web\/producto\/red-insectos\/"},"modified":"2025-12-04T19:45:14","modified_gmt":"2025-12-04T19:45:14","slug":"red-insectos","status":"publish","type":"product","link":"https:\/\/aukinkochile.com\/web\/producto\/red-insectos\/","title":{"rendered":"Red Insectos"},"content":{"rendered":"<p>Entretenida red para cazar insectos con mango extensible de 55,5 cm a 70 cm. La red mide 19,6 cm de di\u00e1metro. Ideal para jugar al aire libre. De gran calidad y resistencia.<\/p>\n<p><p><strong>Material : <\/strong> Pl\u00e1stico<\/p>\n<p><strong>C\u00f3digo Aukinko : <\/strong> 12-10135<\/p>\n<p><strong>C\u00f3digo Convenio Marco : <\/strong> x<\/p>\n","protected":false},"excerpt":{"rendered":"<p>Entretenida red para cazar insectos con mango extensible de 55,5 cm a 70 cm. La red mide 19,6 cm de di\u00e1metro. Ideal para jugar al aire libre. De gran calidad y resistencia. Material : Pl\u00e1stico C\u00f3digo Aukinko : 12-10135 C\u00f3digo Convenio Marco : x<\/p>\n","protected":false},"featured_media":626998,"comment_status":"open","ping_status":"closed","template":"","meta":{"_et_pb_use_builder":"","_et_pb_old_content":"","_et_gb_content_width":""},"product_brand":[],"product_cat":[92],"product_tag":[],"class_list":{"0":"post-626999","1":"product","2":"type-product","3":"status-publish","4":"has-post-thumbnail","6":"product_cat-ciencias","7":"pa_edad-10-anos","8":"pa_edad-6-a-8-anos","9":"pa_edad-8-a-10-anos","10":"pa_marca-edu-science","11":"pa_medidas-5-x-33-cm","12":"pa_medidas-64-x-22","14":"first","15":"instock","16":"shipping-taxable","17":"purchasable","18":"product-type-simple"},"aioseo_notices":[],"_links":{"self":[{"href":"https:\/\/aukinkochile.com\/web\/wp-json\/wp\/v2\/product\/626999","targetHints":{"allow":["GET"]}}],"collection":[{"href":"https:\/\/aukinkochile.com\/web\/wp-json\/wp\/v2\/product"}],"about":[{"href":"https:\/\/aukinkochile.com\/web\/wp-json\/wp\/v2\/types\/product"}],"replies":[{"embeddable":true,"href":"https:\/\/aukinkochile.com\/web\/wp-json\/wp\/v2\/comments?post=626999"}],"wp:featuredmedia":[{"embeddable":true,"href":"https:\/\/aukinkochile.com\/web\/wp-json\/wp\/v2\/media\/626998"}],"wp:attachment":[{"href":"https:\/\/aukinkochile.com\/web\/wp-json\/wp\/v2\/media?parent=626999"}],"wp:term":[{"taxonomy":"product_brand","embeddable":true,"href":"https:\/\/aukinkochile.com\/web\/wp-json\/wp\/v2\/product_brand?post=626999"},{"taxonomy":"product_cat","embeddable":true,"href":"https:\/\/aukinkochile.com\/web\/wp-json\/wp\/v2\/product_cat?post=626999"},{"taxonomy":"product_tag","embeddable":true,"href":"https:\/\/aukinkochile.com\/web\/wp-json\/wp\/v2\/product_tag?post=626999"}],"curies":[{"name":"wp","href":"https:\/\/api.w.org\/{rel}","templated":true}]}}