{"id":626991,"date":"2024-01-04T18:45:21","date_gmt":"2024-01-04T18:45:21","guid":{"rendered":"https:\/\/aukinkochile.com\/web\/producto\/magnetico-imanes-con-base-2\/"},"modified":"2025-12-04T19:45:13","modified_gmt":"2025-12-04T19:45:13","slug":"magnetico-imanes-con-base-2","status":"publish","type":"product","link":"https:\/\/aukinkochile.com\/web\/producto\/magnetico-imanes-con-base-2\/","title":{"rendered":"Magn\u00e9tico Imanes con Base"},"content":{"rendered":"<p>Juego de imanes para construir pudiendo conocer las propiedades de la atracci\u00f3n. Cuenta con 2 personajes, 2 autos de choque, 8 anillo, soportes, cadenas, regla, manual ilustrado y mas. Entretenido juego. Material resistente.<\/p>\n<p><p><strong>Material : <\/strong> Pl\u00e1stico<\/p>\n<p><strong>C\u00f3digo Aukinko : <\/strong> 12-10052<\/p>\n<p><strong>C\u00f3digo Convenio Marco : <\/strong> x<\/p>\n","protected":false},"excerpt":{"rendered":"<p>Juego de imanes para construir pudiendo conocer las propiedades de la atracci\u00f3n. Cuenta con 2 personajes, 2 autos de choque, 8 anillo, soportes, cadenas, regla, manual ilustrado y mas. Entretenido juego. Material resistente. Material : Pl\u00e1stico C\u00f3digo Aukinko : 12-10052 C\u00f3digo Convenio Marco : x<\/p>\n","protected":false},"featured_media":626990,"comment_status":"open","ping_status":"closed","template":"","meta":{"_et_pb_use_builder":"","_et_pb_old_content":"","_et_gb_content_width":""},"product_brand":[],"product_cat":[91,92],"product_tag":[],"class_list":{"0":"post-626991","1":"product","2":"type-product","3":"status-publish","4":"has-post-thumbnail","6":"product_cat-accesorios-sala","7":"product_cat-ciencias","8":"pa_edad-10-anos","9":"pa_edad-8-a-10-anos","10":"pa_marca-edu-science","11":"pa_medidas-3-cm","12":"pa_medidas-3-x-28","13":"pa_medidas-41-x-7","15":"first","16":"instock","17":"shipping-taxable","18":"purchasable","19":"product-type-simple"},"aioseo_notices":[],"_links":{"self":[{"href":"https:\/\/aukinkochile.com\/web\/wp-json\/wp\/v2\/product\/626991","targetHints":{"allow":["GET"]}}],"collection":[{"href":"https:\/\/aukinkochile.com\/web\/wp-json\/wp\/v2\/product"}],"about":[{"href":"https:\/\/aukinkochile.com\/web\/wp-json\/wp\/v2\/types\/product"}],"replies":[{"embeddable":true,"href":"https:\/\/aukinkochile.com\/web\/wp-json\/wp\/v2\/comments?post=626991"}],"wp:featuredmedia":[{"embeddable":true,"href":"https:\/\/aukinkochile.com\/web\/wp-json\/wp\/v2\/media\/626990"}],"wp:attachment":[{"href":"https:\/\/aukinkochile.com\/web\/wp-json\/wp\/v2\/media?parent=626991"}],"wp:term":[{"taxonomy":"product_brand","embeddable":true,"href":"https:\/\/aukinkochile.com\/web\/wp-json\/wp\/v2\/product_brand?post=626991"},{"taxonomy":"product_cat","embeddable":true,"href":"https:\/\/aukinkochile.com\/web\/wp-json\/wp\/v2\/product_cat?post=626991"},{"taxonomy":"product_tag","embeddable":true,"href":"https:\/\/aukinkochile.com\/web\/wp-json\/wp\/v2\/product_tag?post=626991"}],"curies":[{"name":"wp","href":"https:\/\/api.w.org\/{rel}","templated":true}]}}