{"id":626987,"date":"2024-01-04T18:45:20","date_gmt":"2024-01-04T18:45:20","guid":{"rendered":"https:\/\/aukinkochile.com\/web\/producto\/kit-atrapa-insectos\/"},"modified":"2025-12-04T19:45:13","modified_gmt":"2025-12-04T19:45:13","slug":"kit-atrapa-insectos","status":"publish","type":"product","link":"https:\/\/aukinkochile.com\/web\/producto\/kit-atrapa-insectos\/","title":{"rendered":"Kit Atrapa Insectos"},"content":{"rendered":"<p>Kit atrapa insectos que incluye lupa para observar el ciclo de los insectos y plantas. Tambi\u00e9n incluye visor, pinzas, red, y un manual de instrucciones. De gran calidad.<\/p>\n<p><p><strong>Material : <\/strong> Pl\u00e1stico<\/p>\n<p><strong>C\u00f3digo Aukinko : <\/strong> 12-10033<\/p>\n<p><strong>C\u00f3digo Convenio Marco : <\/strong> x<\/p>\n","protected":false},"excerpt":{"rendered":"<p>Kit atrapa insectos que incluye lupa para observar el ciclo de los insectos y plantas. Tambi\u00e9n incluye visor, pinzas, red, y un manual de instrucciones. De gran calidad. Material : Pl\u00e1stico C\u00f3digo Aukinko : 12-10033 C\u00f3digo Convenio Marco : x<\/p>\n","protected":false},"featured_media":626986,"comment_status":"open","ping_status":"closed","template":"","meta":{"_et_pb_use_builder":"","_et_pb_old_content":"","_et_gb_content_width":""},"product_brand":[],"product_cat":[92],"product_tag":[],"class_list":{"0":"post-626987","1":"product","2":"type-product","3":"status-publish","4":"has-post-thumbnail","6":"product_cat-ciencias","7":"pa_edad-5-a-6-anos","8":"pa_edad-6-a-8-anos","9":"pa_edad-8-a-10-anos","10":"pa_marca-edu-science","11":"pa_medidas-24-x-17","12":"pa_medidas-5-x-15-cm","14":"first","15":"instock","16":"shipping-taxable","17":"purchasable","18":"product-type-simple"},"aioseo_notices":[],"_links":{"self":[{"href":"https:\/\/aukinkochile.com\/web\/wp-json\/wp\/v2\/product\/626987","targetHints":{"allow":["GET"]}}],"collection":[{"href":"https:\/\/aukinkochile.com\/web\/wp-json\/wp\/v2\/product"}],"about":[{"href":"https:\/\/aukinkochile.com\/web\/wp-json\/wp\/v2\/types\/product"}],"replies":[{"embeddable":true,"href":"https:\/\/aukinkochile.com\/web\/wp-json\/wp\/v2\/comments?post=626987"}],"wp:featuredmedia":[{"embeddable":true,"href":"https:\/\/aukinkochile.com\/web\/wp-json\/wp\/v2\/media\/626986"}],"wp:attachment":[{"href":"https:\/\/aukinkochile.com\/web\/wp-json\/wp\/v2\/media?parent=626987"}],"wp:term":[{"taxonomy":"product_brand","embeddable":true,"href":"https:\/\/aukinkochile.com\/web\/wp-json\/wp\/v2\/product_brand?post=626987"},{"taxonomy":"product_cat","embeddable":true,"href":"https:\/\/aukinkochile.com\/web\/wp-json\/wp\/v2\/product_cat?post=626987"},{"taxonomy":"product_tag","embeddable":true,"href":"https:\/\/aukinkochile.com\/web\/wp-json\/wp\/v2\/product_tag?post=626987"}],"curies":[{"name":"wp","href":"https:\/\/api.w.org\/{rel}","templated":true}]}}