{"id":626983,"date":"2024-01-04T18:45:19","date_gmt":"2024-01-04T18:45:19","guid":{"rendered":"https:\/\/aukinkochile.com\/web\/producto\/telescopio-metal\/"},"modified":"2025-12-04T19:45:11","modified_gmt":"2025-12-04T19:45:11","slug":"telescopio-metal","status":"publish","type":"product","link":"https:\/\/aukinkochile.com\/web\/producto\/telescopio-metal\/","title":{"rendered":"Telescopio Metal"},"content":{"rendered":"<p>Telescopio de cuerpo de metal con lente de vidrio, extensible de 18 cm a 35 cm. Tiene visi\u00f3n de 30 x 30 mm. De gran calidad. Tiene un estuche para guardar.<\/p>\n<p><p><strong>Material : <\/strong> Metal y Vidrio<\/p>\n<p><strong>C\u00f3digo Aukinko : <\/strong> 12-10010<\/p>\n<p><strong>C\u00f3digo Convenio Marco : <\/strong> x<\/p>\n","protected":false},"excerpt":{"rendered":"<p>Telescopio de cuerpo de metal con lente de vidrio, extensible de 18 cm a 35 cm. Tiene visi\u00f3n de 30 x 30 mm. De gran calidad. Tiene un estuche para guardar. Material : Metal y Vidrio C\u00f3digo Aukinko : 12-10010 C\u00f3digo Convenio Marco : x<\/p>\n","protected":false},"featured_media":626982,"comment_status":"open","ping_status":"closed","template":"","meta":{"_et_pb_use_builder":"","_et_pb_old_content":"","_et_gb_content_width":""},"product_brand":[],"product_cat":[92],"product_tag":[],"class_list":{"0":"post-626983","1":"product","2":"type-product","3":"status-publish","4":"has-post-thumbnail","6":"product_cat-ciencias","7":"pa_edad-10-anos","8":"pa_edad-5-a-6-anos","9":"pa_edad-6-a-8-anos","10":"pa_edad-8-a-10-anos","11":"pa_marca-edu-science","12":"pa_medidas-40-x-5","13":"pa_medidas-7-x-8-cm","15":"first","16":"instock","17":"shipping-taxable","18":"purchasable","19":"product-type-simple"},"aioseo_notices":[],"_links":{"self":[{"href":"https:\/\/aukinkochile.com\/web\/wp-json\/wp\/v2\/product\/626983","targetHints":{"allow":["GET"]}}],"collection":[{"href":"https:\/\/aukinkochile.com\/web\/wp-json\/wp\/v2\/product"}],"about":[{"href":"https:\/\/aukinkochile.com\/web\/wp-json\/wp\/v2\/types\/product"}],"replies":[{"embeddable":true,"href":"https:\/\/aukinkochile.com\/web\/wp-json\/wp\/v2\/comments?post=626983"}],"wp:featuredmedia":[{"embeddable":true,"href":"https:\/\/aukinkochile.com\/web\/wp-json\/wp\/v2\/media\/626982"}],"wp:attachment":[{"href":"https:\/\/aukinkochile.com\/web\/wp-json\/wp\/v2\/media?parent=626983"}],"wp:term":[{"taxonomy":"product_brand","embeddable":true,"href":"https:\/\/aukinkochile.com\/web\/wp-json\/wp\/v2\/product_brand?post=626983"},{"taxonomy":"product_cat","embeddable":true,"href":"https:\/\/aukinkochile.com\/web\/wp-json\/wp\/v2\/product_cat?post=626983"},{"taxonomy":"product_tag","embeddable":true,"href":"https:\/\/aukinkochile.com\/web\/wp-json\/wp\/v2\/product_tag?post=626983"}],"curies":[{"name":"wp","href":"https:\/\/api.w.org\/{rel}","templated":true}]}}