{"id":626981,"date":"2024-01-04T18:45:18","date_gmt":"2024-01-04T18:45:18","guid":{"rendered":"https:\/\/aukinkochile.com\/web\/producto\/ollas-de-metal-set-9-pz\/"},"modified":"2025-11-06T18:58:58","modified_gmt":"2025-11-06T18:58:58","slug":"ollas-de-metal-set-9-pz","status":"publish","type":"product","link":"https:\/\/aukinkochile.com\/web\/producto\/ollas-de-metal-set-9-pz\/","title":{"rendered":"Ollas de Metal set 9 pz"},"content":{"rendered":"<p>Set de 9 pz de accesorios de metal, que contiene una olla con tapa, 1 sart\u00e9n con tapa, 1 sart\u00e9n, 1 espumadera, 1 cucharon, 1 cucharon de tallarines y una esp\u00e1tula. De gran calidad y dise\u00f1o. De el tama\u00f1o ideal para la manipulaci\u00f3n de los ni\u00f1os. <\/p>\n<p><p><strong>Material : <\/strong> Metal<\/p>\n<p><strong>C\u00f3digo Aukinko : <\/strong> 18-204081<\/p>\n<p><strong>C\u00f3digo Convenio Marco : <\/strong> x<\/p>\n","protected":false},"excerpt":{"rendered":"<p>Set de 9 pz de accesorios de metal, que contiene una olla con tapa, 1 sart\u00e9n con tapa, 1 sart\u00e9n, 1 espumadera, 1 cucharon, 1 cucharon de tallarines y una esp\u00e1tula. De gran calidad y dise\u00f1o. De el tama\u00f1o ideal para la manipulaci\u00f3n de los ni\u00f1os. Material : Metal C\u00f3digo Aukinko : 18-204081 C\u00f3digo Convenio [&hellip;]<\/p>\n","protected":false},"featured_media":626980,"comment_status":"open","ping_status":"closed","template":"","meta":{"_et_pb_use_builder":"","_et_pb_old_content":"","_et_gb_content_width":""},"product_brand":[],"product_cat":[91,17],"product_tag":[],"class_list":{"0":"post-626981","1":"product","2":"type-product","3":"status-publish","4":"has-post-thumbnail","6":"product_cat-accesorios-sala","7":"product_cat-juegos-de-rol","8":"pa_edad-2-a-3-anos","9":"pa_edad-3-a-4-anos","10":"pa_edad-4-a-5-anos","11":"pa_edad-5-a-6-anos","12":"pa_edad-6-a-8-anos","13":"pa_marca-viga","14":"pa_medidas-10-x-16-x-22-cm","16":"first","17":"instock","18":"shipping-taxable","19":"purchasable","20":"product-type-simple"},"aioseo_notices":[],"_links":{"self":[{"href":"https:\/\/aukinkochile.com\/web\/wp-json\/wp\/v2\/product\/626981","targetHints":{"allow":["GET"]}}],"collection":[{"href":"https:\/\/aukinkochile.com\/web\/wp-json\/wp\/v2\/product"}],"about":[{"href":"https:\/\/aukinkochile.com\/web\/wp-json\/wp\/v2\/types\/product"}],"replies":[{"embeddable":true,"href":"https:\/\/aukinkochile.com\/web\/wp-json\/wp\/v2\/comments?post=626981"}],"wp:featuredmedia":[{"embeddable":true,"href":"https:\/\/aukinkochile.com\/web\/wp-json\/wp\/v2\/media\/626980"}],"wp:attachment":[{"href":"https:\/\/aukinkochile.com\/web\/wp-json\/wp\/v2\/media?parent=626981"}],"wp:term":[{"taxonomy":"product_brand","embeddable":true,"href":"https:\/\/aukinkochile.com\/web\/wp-json\/wp\/v2\/product_brand?post=626981"},{"taxonomy":"product_cat","embeddable":true,"href":"https:\/\/aukinkochile.com\/web\/wp-json\/wp\/v2\/product_cat?post=626981"},{"taxonomy":"product_tag","embeddable":true,"href":"https:\/\/aukinkochile.com\/web\/wp-json\/wp\/v2\/product_tag?post=626981"}],"curies":[{"name":"wp","href":"https:\/\/api.w.org\/{rel}","templated":true}]}}