{"id":626675,"date":"2023-12-20T17:24:28","date_gmt":"2023-12-20T17:24:28","guid":{"rendered":"https:\/\/aukinkochile.com\/web\/producto\/juego-aprendo-tablas-multiplicar\/"},"modified":"2024-11-11T21:11:15","modified_gmt":"2024-11-11T21:11:15","slug":"juego-aprendo-tablas-multiplicar","status":"publish","type":"product","link":"https:\/\/aukinkochile.com\/web\/producto\/juego-aprendo-tablas-multiplicar\/","title":{"rendered":"Juego Aprendo Tablas Multiplicar"},"content":{"rendered":"<p>Juego educativo con que los ni\u00f1os se familiarizaran con las tablas de multiplicar. Cada lamina representa una tabla de multiplicar diferente as\u00ed los ni\u00f1os podr\u00e1n repasar y aprender las tablas de multiplicar del 1 al 12. Con sistema auto correctivo en que cada una de las multiplicaciones se asocia a un dibujo. Incluye 6 laminas doble cara con las 12 tablas de multiplicar y 59 fichas reversibles.<\/p>\n<p><p><strong>Material : <\/strong> Cart\u00f3n<\/p>\n<p><strong>C\u00f3digo Aukinko : <\/strong> 05-768973<\/p>\n<p><strong>C\u00f3digo Convenio Marco : <\/strong> x<\/p>\n","protected":false},"excerpt":{"rendered":"<p>Juego educativo con que los ni\u00f1os se familiarizaran con las tablas de multiplicar. Cada lamina representa una tabla de multiplicar diferente as\u00ed los ni\u00f1os podr\u00e1n repasar y aprender las tablas de multiplicar del 1 al 12. Con sistema auto correctivo en que cada una de las multiplicaciones se asocia a un dibujo. Incluye 6 laminas [&hellip;]<\/p>\n","protected":false},"featured_media":626674,"comment_status":"open","ping_status":"closed","template":"","meta":{"_et_pb_use_builder":"","_et_pb_old_content":"","_et_gb_content_width":""},"product_brand":[],"product_cat":[149,90],"product_tag":[],"class_list":{"0":"post-626675","1":"product","2":"type-product","3":"status-publish","4":"has-post-thumbnail","6":"product_cat-juegos-de-mesa","7":"product_cat-matematicas","8":"pa_edad-10-anos","9":"pa_edad-6-a-8-anos","10":"pa_edad-8-a-10-anos","11":"pa_marca-diset","12":"pa_medidas-4394","13":"pa_medidas-3-x-20-cm","14":"pa_medidas-5-x-5","16":"first","17":"instock","18":"shipping-taxable","19":"purchasable","20":"product-type-simple"},"aioseo_notices":[],"_links":{"self":[{"href":"https:\/\/aukinkochile.com\/web\/wp-json\/wp\/v2\/product\/626675","targetHints":{"allow":["GET"]}}],"collection":[{"href":"https:\/\/aukinkochile.com\/web\/wp-json\/wp\/v2\/product"}],"about":[{"href":"https:\/\/aukinkochile.com\/web\/wp-json\/wp\/v2\/types\/product"}],"replies":[{"embeddable":true,"href":"https:\/\/aukinkochile.com\/web\/wp-json\/wp\/v2\/comments?post=626675"}],"wp:featuredmedia":[{"embeddable":true,"href":"https:\/\/aukinkochile.com\/web\/wp-json\/wp\/v2\/media\/626674"}],"wp:attachment":[{"href":"https:\/\/aukinkochile.com\/web\/wp-json\/wp\/v2\/media?parent=626675"}],"wp:term":[{"taxonomy":"product_brand","embeddable":true,"href":"https:\/\/aukinkochile.com\/web\/wp-json\/wp\/v2\/product_brand?post=626675"},{"taxonomy":"product_cat","embeddable":true,"href":"https:\/\/aukinkochile.com\/web\/wp-json\/wp\/v2\/product_cat?post=626675"},{"taxonomy":"product_tag","embeddable":true,"href":"https:\/\/aukinkochile.com\/web\/wp-json\/wp\/v2\/product_tag?post=626675"}],"curies":[{"name":"wp","href":"https:\/\/api.w.org\/{rel}","templated":true}]}}