{"id":626658,"date":"2023-12-20T17:24:22","date_gmt":"2023-12-20T17:24:22","guid":{"rendered":"https:\/\/aukinkochile.com\/web\/producto\/juego-aprendo-a-contar\/"},"modified":"2024-11-11T21:10:59","modified_gmt":"2024-11-11T21:10:59","slug":"juego-aprendo-a-contar","status":"publish","type":"product","link":"https:\/\/aukinkochile.com\/web\/producto\/juego-aprendo-a-contar\/","title":{"rendered":"Juego Aprendo a Contar"},"content":{"rendered":"<p>Juego educativo donde el ni\u00f1o aprender\u00e1 a contar, sumar y restar. Contiene 15 laminas con un total de 83 operaciones. Un refuerzo escolar ideal, dispone un sistema auto correctivo que permite comprobar el resultado.<\/p>\n<p><p><strong>Material : <\/strong> Pl\u00e1stico y Cart\u00f3n Duro<\/p>\n<p><strong>C\u00f3digo Aukinko : <\/strong> 05-763714<\/p>\n<p><strong>C\u00f3digo Convenio Marco : <\/strong> x<\/p>\n","protected":false},"excerpt":{"rendered":"<p>Juego educativo donde el ni\u00f1o aprender\u00e1 a contar, sumar y restar. Contiene 15 laminas con un total de 83 operaciones. Un refuerzo escolar ideal, dispone un sistema auto correctivo que permite comprobar el resultado. Material : Pl\u00e1stico y Cart\u00f3n Duro C\u00f3digo Aukinko : 05-763714 C\u00f3digo Convenio Marco : x<\/p>\n","protected":false},"featured_media":626657,"comment_status":"open","ping_status":"closed","template":"","meta":{"_et_pb_use_builder":"","_et_pb_old_content":"","_et_gb_content_width":""},"product_brand":[],"product_cat":[90],"product_tag":[],"class_list":{"0":"post-626658","1":"product","2":"type-product","3":"status-publish","4":"has-post-thumbnail","6":"product_cat-matematicas","7":"pa_edad-3-a-4-anos","8":"pa_edad-4-a-5-anos","9":"pa_edad-5-a-6-anos","10":"pa_edad-6-a-8-anos","11":"pa_marca-diset","12":"pa_medidas-31-x-26-x-6-cm-caja","14":"first","15":"instock","16":"shipping-taxable","17":"purchasable","18":"product-type-simple"},"aioseo_notices":[],"_links":{"self":[{"href":"https:\/\/aukinkochile.com\/web\/wp-json\/wp\/v2\/product\/626658","targetHints":{"allow":["GET"]}}],"collection":[{"href":"https:\/\/aukinkochile.com\/web\/wp-json\/wp\/v2\/product"}],"about":[{"href":"https:\/\/aukinkochile.com\/web\/wp-json\/wp\/v2\/types\/product"}],"replies":[{"embeddable":true,"href":"https:\/\/aukinkochile.com\/web\/wp-json\/wp\/v2\/comments?post=626658"}],"wp:featuredmedia":[{"embeddable":true,"href":"https:\/\/aukinkochile.com\/web\/wp-json\/wp\/v2\/media\/626657"}],"wp:attachment":[{"href":"https:\/\/aukinkochile.com\/web\/wp-json\/wp\/v2\/media?parent=626658"}],"wp:term":[{"taxonomy":"product_brand","embeddable":true,"href":"https:\/\/aukinkochile.com\/web\/wp-json\/wp\/v2\/product_brand?post=626658"},{"taxonomy":"product_cat","embeddable":true,"href":"https:\/\/aukinkochile.com\/web\/wp-json\/wp\/v2\/product_cat?post=626658"},{"taxonomy":"product_tag","embeddable":true,"href":"https:\/\/aukinkochile.com\/web\/wp-json\/wp\/v2\/product_tag?post=626658"}],"curies":[{"name":"wp","href":"https:\/\/api.w.org\/{rel}","templated":true}]}}