{"id":626608,"date":"2023-12-20T17:19:51","date_gmt":"2023-12-20T17:19:51","guid":{"rendered":"https:\/\/aukinkochile.com\/web\/producto\/juego-educativo-hippos-pool\/"},"modified":"2024-11-11T21:10:12","modified_gmt":"2024-11-11T21:10:12","slug":"juego-educativo-hippos-pool","status":"publish","type":"product","link":"https:\/\/aukinkochile.com\/web\/producto\/juego-educativo-hippos-pool\/","title":{"rendered":"Juego Educativo Hippo`s Pool"},"content":{"rendered":"<p>Juego preescolar educativo cuyo objetivo es construir correctamente con las piezas de madera los modelos de las cartas en funci\u00f3n del flotador y las pelotas que tienen que ser visibles en la carta desaf\u00edo escogida. La caja sirve como base del juego y hay que ir colocando las piezas seg\u00fan indica la tarjeta; estas tarjetas tienen un nivel progresivo en dificultad, tres en total. Juego auto correctivo ya que cada desaf\u00edo tiene en su dorso la soluci\u00f3n para que los peque\u00f1os puedan comprobarlo solos. Adem\u00e1s se puede jugar individualmente resolviendo cada uno de los desaf\u00edos o con mas jugadores en el que los ni\u00f1os competir\u00e1n entre ellos. Desarrollo del razonamiento l\u00f3gico y la orientaci\u00f3n espacial.<\/p>\n<p><p><strong>Material : <\/strong> Madera y Cart\u00f3n<\/p>\n<p><strong>C\u00f3digo Aukinko : <\/strong> 05-755265<\/p>\n<p><strong>C\u00f3digo Convenio Marco : <\/strong> x<\/p>\n","protected":false},"excerpt":{"rendered":"<p>Juego preescolar educativo cuyo objetivo es construir correctamente con las piezas de madera los modelos de las cartas en funci\u00f3n del flotador y las pelotas que tienen que ser visibles en la carta desaf\u00edo escogida. La caja sirve como base del juego y hay que ir colocando las piezas seg\u00fan indica la tarjeta; estas tarjetas [&hellip;]<\/p>\n","protected":false},"featured_media":626607,"comment_status":"open","ping_status":"closed","template":"","meta":{"_et_pb_use_builder":"","_et_pb_old_content":"","_et_gb_content_width":""},"product_brand":[],"product_cat":[150,149],"product_tag":[],"class_list":{"0":"post-626608","1":"product","2":"type-product","3":"status-publish","4":"has-post-thumbnail","6":"product_cat-asociacion-y-logica","7":"product_cat-juegos-de-mesa","8":"pa_edad-3-a-4-anos","9":"pa_edad-4-a-5-anos","10":"pa_edad-5-a-6-anos","11":"pa_marca-diset","12":"pa_medidas-19-x-6-x-25-cm","14":"first","15":"instock","16":"shipping-taxable","17":"purchasable","18":"product-type-simple"},"aioseo_notices":[],"_links":{"self":[{"href":"https:\/\/aukinkochile.com\/web\/wp-json\/wp\/v2\/product\/626608","targetHints":{"allow":["GET"]}}],"collection":[{"href":"https:\/\/aukinkochile.com\/web\/wp-json\/wp\/v2\/product"}],"about":[{"href":"https:\/\/aukinkochile.com\/web\/wp-json\/wp\/v2\/types\/product"}],"replies":[{"embeddable":true,"href":"https:\/\/aukinkochile.com\/web\/wp-json\/wp\/v2\/comments?post=626608"}],"wp:featuredmedia":[{"embeddable":true,"href":"https:\/\/aukinkochile.com\/web\/wp-json\/wp\/v2\/media\/626607"}],"wp:attachment":[{"href":"https:\/\/aukinkochile.com\/web\/wp-json\/wp\/v2\/media?parent=626608"}],"wp:term":[{"taxonomy":"product_brand","embeddable":true,"href":"https:\/\/aukinkochile.com\/web\/wp-json\/wp\/v2\/product_brand?post=626608"},{"taxonomy":"product_cat","embeddable":true,"href":"https:\/\/aukinkochile.com\/web\/wp-json\/wp\/v2\/product_cat?post=626608"},{"taxonomy":"product_tag","embeddable":true,"href":"https:\/\/aukinkochile.com\/web\/wp-json\/wp\/v2\/product_tag?post=626608"}],"curies":[{"name":"wp","href":"https:\/\/api.w.org\/{rel}","templated":true}]}}