{"id":626574,"date":"2023-12-20T17:19:36","date_gmt":"2023-12-20T17:19:36","guid":{"rendered":"https:\/\/aukinkochile.com\/web\/producto\/juego-aprendo-en-positivo-el-cuerpo-humano\/"},"modified":"2024-11-11T21:09:25","modified_gmt":"2024-11-11T21:09:25","slug":"juego-aprendo-en-positivo-el-cuerpo-humano","status":"publish","type":"product","link":"https:\/\/aukinkochile.com\/web\/producto\/juego-aprendo-en-positivo-el-cuerpo-humano\/","title":{"rendered":"Juego Aprendo Positivo El Cuerpo Humano"},"content":{"rendered":"<p>Un divertido juego educativo dise\u00f1ado para acompa\u00f1ar el aprendizaje de ni\u00f1os y ni\u00f1as de 4 a 7 a\u00f1os de edad sobre el cuerpo humano. Incluye materiales que los estudiantes pueden manipular para aprender, m\u00e1s de 50 actividades de aprendizaje, manual educativo y poster con h\u00e1bitos para una vida sana. Con este juego los ni\u00f1os y ni\u00f1as podr\u00e1n descubrir los sistemas vitales y la conexi\u00f3n entre los \u00f3rganos. Contenido: posters, cinta m\u00e9trica, piezas con velcro de los \u00f3rganos m\u00e1s importantes, 15 cartas informativas sobre el cuerpo humano y mucho m\u00e1s.<\/p>\n<p><p><strong>Material : <\/strong> Cart\u00f3n y Pl\u00e1stico<\/p>\n<p><strong>C\u00f3digo Aukinko : <\/strong> 05-741210<\/p>\n<p><strong>C\u00f3digo Convenio Marco : <\/strong> x<\/p>\n","protected":false},"excerpt":{"rendered":"<p>Un divertido juego educativo dise\u00f1ado para acompa\u00f1ar el aprendizaje de ni\u00f1os y ni\u00f1as de 4 a 7 a\u00f1os de edad sobre el cuerpo humano. Incluye materiales que los estudiantes pueden manipular para aprender, m\u00e1s de 50 actividades de aprendizaje, manual educativo y poster con h\u00e1bitos para una vida sana. Con este juego los ni\u00f1os y [&hellip;]<\/p>\n","protected":false},"featured_media":626573,"comment_status":"open","ping_status":"closed","template":"","meta":{"_et_pb_use_builder":"","_et_pb_old_content":"","_et_gb_content_width":""},"product_brand":[],"product_cat":[92,149],"product_tag":[],"class_list":{"0":"post-626574","1":"product","2":"type-product","3":"status-publish","4":"has-post-thumbnail","6":"product_cat-ciencias","7":"product_cat-juegos-de-mesa","8":"pa_edad-4-a-5-anos","9":"pa_edad-5-a-6-anos","10":"pa_edad-6-a-8-anos","11":"pa_marca-diset","12":"pa_medidas-3-cm","13":"pa_medidas-32-x-27","14":"pa_medidas-4-x-5","16":"first","17":"instock","18":"shipping-taxable","19":"purchasable","20":"product-type-simple"},"aioseo_notices":[],"_links":{"self":[{"href":"https:\/\/aukinkochile.com\/web\/wp-json\/wp\/v2\/product\/626574","targetHints":{"allow":["GET"]}}],"collection":[{"href":"https:\/\/aukinkochile.com\/web\/wp-json\/wp\/v2\/product"}],"about":[{"href":"https:\/\/aukinkochile.com\/web\/wp-json\/wp\/v2\/types\/product"}],"replies":[{"embeddable":true,"href":"https:\/\/aukinkochile.com\/web\/wp-json\/wp\/v2\/comments?post=626574"}],"wp:featuredmedia":[{"embeddable":true,"href":"https:\/\/aukinkochile.com\/web\/wp-json\/wp\/v2\/media\/626573"}],"wp:attachment":[{"href":"https:\/\/aukinkochile.com\/web\/wp-json\/wp\/v2\/media?parent=626574"}],"wp:term":[{"taxonomy":"product_brand","embeddable":true,"href":"https:\/\/aukinkochile.com\/web\/wp-json\/wp\/v2\/product_brand?post=626574"},{"taxonomy":"product_cat","embeddable":true,"href":"https:\/\/aukinkochile.com\/web\/wp-json\/wp\/v2\/product_cat?post=626574"},{"taxonomy":"product_tag","embeddable":true,"href":"https:\/\/aukinkochile.com\/web\/wp-json\/wp\/v2\/product_tag?post=626574"}],"curies":[{"name":"wp","href":"https:\/\/api.w.org\/{rel}","templated":true}]}}