{"id":626499,"date":"2023-12-18T20:06:13","date_gmt":"2023-12-18T20:06:13","guid":{"rendered":"https:\/\/aukinkochile.com\/web\/producto\/puzle-madera-bloques-barras-6-pz\/"},"modified":"2025-04-14T17:38:55","modified_gmt":"2025-04-14T17:38:55","slug":"puzle-madera-bloques-barras-6-pz","status":"publish","type":"product","link":"https:\/\/aukinkochile.com\/web\/producto\/puzle-madera-bloques-barras-6-pz\/","title":{"rendered":"Puzle madera bloques barras 6 pz"},"content":{"rendered":"<p>Con este divertido puzle los ni\u00f1os y ni\u00f1as pueden armar 4 rompecabezas con hermosas ilustraciones de animales de la granja. Las piezas son estables tanto horizontal como verticalmente al colocar las 6 grandes barras de madera perforadas. Las ilustraciones impresas en madera crean un efecto natural y estimulan la imaginaci\u00f3n de ni\u00f1os y ni\u00f1as. Es un juego sorprendentemente desafiante de descubrimiento continuo, que involucra a los m\u00e1s peque\u00f1os y estimula su imaginaci\u00f3n. Incluye 4 rompecabezas impresos en 6 barras de madera.<\/p>\n<p><p><strong>Material : <\/strong> Madera<\/p>\n<p><strong>C\u00f3digo Aukinko : <\/strong> 07-58071<\/p>\n<p><strong>C\u00f3digo Convenio Marco : <\/strong> <\/p>\n","protected":false},"excerpt":{"rendered":"<p>Con este divertido puzle los ni\u00f1os y ni\u00f1as pueden armar 4 rompecabezas con hermosas ilustraciones de animales de la granja. Las piezas son estables tanto horizontal como verticalmente al colocar las 6 grandes barras de madera perforadas. Las ilustraciones impresas en madera crean un efecto natural y estimulan la imaginaci\u00f3n de ni\u00f1os y ni\u00f1as. Es [&hellip;]<\/p>\n","protected":false},"featured_media":626498,"comment_status":"open","ping_status":"closed","template":"","meta":{"_et_pb_use_builder":"","_et_pb_old_content":"","_et_gb_content_width":""},"product_brand":[],"product_cat":[22],"product_tag":[],"class_list":{"0":"post-626499","1":"product","2":"type-product","3":"status-publish","4":"has-post-thumbnail","6":"product_cat-puzzles","7":"pa_edad-2-a-3-anos","8":"pa_edad-3-a-4-anos","9":"pa_edad-4-a-5-anos","10":"pa_marca-quercetti","11":"pa_medidas-30-x-7-x-29-cm","13":"first","14":"instock","15":"shipping-taxable","16":"purchasable","17":"product-type-simple"},"aioseo_notices":[],"_links":{"self":[{"href":"https:\/\/aukinkochile.com\/web\/wp-json\/wp\/v2\/product\/626499","targetHints":{"allow":["GET"]}}],"collection":[{"href":"https:\/\/aukinkochile.com\/web\/wp-json\/wp\/v2\/product"}],"about":[{"href":"https:\/\/aukinkochile.com\/web\/wp-json\/wp\/v2\/types\/product"}],"replies":[{"embeddable":true,"href":"https:\/\/aukinkochile.com\/web\/wp-json\/wp\/v2\/comments?post=626499"}],"wp:featuredmedia":[{"embeddable":true,"href":"https:\/\/aukinkochile.com\/web\/wp-json\/wp\/v2\/media\/626498"}],"wp:attachment":[{"href":"https:\/\/aukinkochile.com\/web\/wp-json\/wp\/v2\/media?parent=626499"}],"wp:term":[{"taxonomy":"product_brand","embeddable":true,"href":"https:\/\/aukinkochile.com\/web\/wp-json\/wp\/v2\/product_brand?post=626499"},{"taxonomy":"product_cat","embeddable":true,"href":"https:\/\/aukinkochile.com\/web\/wp-json\/wp\/v2\/product_cat?post=626499"},{"taxonomy":"product_tag","embeddable":true,"href":"https:\/\/aukinkochile.com\/web\/wp-json\/wp\/v2\/product_tag?post=626499"}],"curies":[{"name":"wp","href":"https:\/\/api.w.org\/{rel}","templated":true}]}}