{"id":626487,"date":"2023-12-18T20:06:06","date_gmt":"2023-12-18T20:06:06","guid":{"rendered":"https:\/\/aukinkochile.com\/web\/producto\/pizarra-imantada-letras-48-pz\/"},"modified":"2025-04-14T17:38:14","modified_gmt":"2025-04-14T17:38:14","slug":"pizarra-imantada-letras-48-pz","status":"publish","type":"product","link":"https:\/\/aukinkochile.com\/web\/producto\/pizarra-imantada-letras-48-pz\/","title":{"rendered":"Pizarra Imantada Letras 48 pz"},"content":{"rendered":"<p>Magnetino Letters es un tablero magn\u00e9tico cl\u00e1sico con un marco de pl\u00e1stico irrompible y una pr\u00e1ctica cesta con asa para poner todo en orden despu\u00e9s de jugar. Un juego dise\u00f1ado para el desarrollo del lenguaje de una forma muy entretenida. Incluye: 48 letras magn\u00e9ticas, 1 tablero magn\u00e9tico, 2 peque\u00f1os soportes para caballete. De material suave y resistente y colores vivos.<\/p>\n<p><p><strong>Material : <\/strong> Pl\u00e1stico<\/p>\n<p><strong>C\u00f3digo Aukinko : <\/strong> 07-55181<\/p>\n<p><strong>C\u00f3digo Convenio Marco : <\/strong> <\/p>\n","protected":false},"excerpt":{"rendered":"<p>Magnetino Letters es un tablero magn\u00e9tico cl\u00e1sico con un marco de pl\u00e1stico irrompible y una pr\u00e1ctica cesta con asa para poner todo en orden despu\u00e9s de jugar. Un juego dise\u00f1ado para el desarrollo del lenguaje de una forma muy entretenida. Incluye: 48 letras magn\u00e9ticas, 1 tablero magn\u00e9tico, 2 peque\u00f1os soportes para caballete. De material suave [&hellip;]<\/p>\n","protected":false},"featured_media":626486,"comment_status":"open","ping_status":"closed","template":"","meta":{"_et_pb_use_builder":"","_et_pb_old_content":"","_et_gb_content_width":""},"product_brand":[],"product_cat":[91,21,151],"product_tag":[],"class_list":{"0":"post-626487","1":"product","2":"type-product","3":"status-publish","4":"has-post-thumbnail","6":"product_cat-accesorios-sala","7":"product_cat-arte-y-manipulacion","8":"product_cat-lenguaje","9":"pa_edad-4-a-5-anos","10":"pa_edad-5-a-6-anos","11":"pa_edad-6-a-8-anos","12":"pa_edad-8-a-10-anos","13":"pa_marca-quercetti","14":"pa_medidas-4364","15":"pa_medidas-6-x-8","16":"pa_medidas-8-x-26","17":"pa_medidas-9-cm","19":"first","20":"instock","21":"shipping-taxable","22":"purchasable","23":"product-type-simple"},"aioseo_notices":[],"_links":{"self":[{"href":"https:\/\/aukinkochile.com\/web\/wp-json\/wp\/v2\/product\/626487","targetHints":{"allow":["GET"]}}],"collection":[{"href":"https:\/\/aukinkochile.com\/web\/wp-json\/wp\/v2\/product"}],"about":[{"href":"https:\/\/aukinkochile.com\/web\/wp-json\/wp\/v2\/types\/product"}],"replies":[{"embeddable":true,"href":"https:\/\/aukinkochile.com\/web\/wp-json\/wp\/v2\/comments?post=626487"}],"wp:featuredmedia":[{"embeddable":true,"href":"https:\/\/aukinkochile.com\/web\/wp-json\/wp\/v2\/media\/626486"}],"wp:attachment":[{"href":"https:\/\/aukinkochile.com\/web\/wp-json\/wp\/v2\/media?parent=626487"}],"wp:term":[{"taxonomy":"product_brand","embeddable":true,"href":"https:\/\/aukinkochile.com\/web\/wp-json\/wp\/v2\/product_brand?post=626487"},{"taxonomy":"product_cat","embeddable":true,"href":"https:\/\/aukinkochile.com\/web\/wp-json\/wp\/v2\/product_cat?post=626487"},{"taxonomy":"product_tag","embeddable":true,"href":"https:\/\/aukinkochile.com\/web\/wp-json\/wp\/v2\/product_tag?post=626487"}],"curies":[{"name":"wp","href":"https:\/\/api.w.org\/{rel}","templated":true}]}}