{"id":626485,"date":"2023-12-18T20:06:06","date_gmt":"2023-12-18T20:06:06","guid":{"rendered":"https:\/\/aukinkochile.com\/web\/producto\/mosaico-gigante-baby-33-pz\/"},"modified":"2025-04-14T17:38:07","modified_gmt":"2025-04-14T17:38:07","slug":"mosaico-gigante-baby-33-pz","status":"publish","type":"product","link":"https:\/\/aukinkochile.com\/web\/producto\/mosaico-gigante-baby-33-pz\/","title":{"rendered":"Mosaico Gigante Baby 33 pz"},"content":{"rendered":"<p>Con este mosaico gigante puedes hacer hermosos mosaicos con botones de 3 colores y de 3 formas diferentes. El tablero transparente esta equipado con tapas especiales, donde se insertan los botones con facilidad pero tambi\u00e9n con un sellado perfecto. En la parte posterior se fijan las tarjetas. El dise\u00f1o con mango permite un f\u00e1cil transporte y lo hace \u00fanico. Contiene 1 tableta transparente, 24 botones de 4,6 cm di\u00e1metro en 3 colores y formas diferentes, 8 tarjetas y una gu\u00eda con ejemplos e instrucciones.<\/p>\n<p><p><strong>Material : <\/strong> Pl\u00e1stico y Cordel<\/p>\n<p><strong>C\u00f3digo Aukinko : <\/strong> 07-54400<\/p>\n<p><strong>C\u00f3digo Convenio Marco : <\/strong> <\/p>\n","protected":false},"excerpt":{"rendered":"<p>Con este mosaico gigante puedes hacer hermosos mosaicos con botones de 3 colores y de 3 formas diferentes. El tablero transparente esta equipado con tapas especiales, donde se insertan los botones con facilidad pero tambi\u00e9n con un sellado perfecto. En la parte posterior se fijan las tarjetas. El dise\u00f1o con mango permite un f\u00e1cil transporte [&hellip;]<\/p>\n","protected":false},"featured_media":626484,"comment_status":"open","ping_status":"closed","template":"","meta":{"_et_pb_use_builder":"","_et_pb_old_content":"","_et_gb_content_width":""},"product_brand":[],"product_cat":[91,21,19,20],"product_tag":[],"class_list":{"0":"post-626485","1":"product","2":"type-product","3":"status-publish","4":"has-post-thumbnail","6":"product_cat-accesorios-sala","7":"product_cat-arte-y-manipulacion","8":"product_cat-construccion","9":"product_cat-motricidad-fina","10":"pa_edad-1-a-2-anos","11":"pa_edad-2-a-3-anos","12":"pa_edad-3-a-4-anos","13":"pa_edad-4-a-5-anos","14":"pa_marca-quercetti","15":"pa_medidas-36-x-28-x-5-cm-caja","17":"first","18":"instock","19":"shipping-taxable","20":"purchasable","21":"product-type-simple"},"aioseo_notices":[],"_links":{"self":[{"href":"https:\/\/aukinkochile.com\/web\/wp-json\/wp\/v2\/product\/626485","targetHints":{"allow":["GET"]}}],"collection":[{"href":"https:\/\/aukinkochile.com\/web\/wp-json\/wp\/v2\/product"}],"about":[{"href":"https:\/\/aukinkochile.com\/web\/wp-json\/wp\/v2\/types\/product"}],"replies":[{"embeddable":true,"href":"https:\/\/aukinkochile.com\/web\/wp-json\/wp\/v2\/comments?post=626485"}],"wp:featuredmedia":[{"embeddable":true,"href":"https:\/\/aukinkochile.com\/web\/wp-json\/wp\/v2\/media\/626484"}],"wp:attachment":[{"href":"https:\/\/aukinkochile.com\/web\/wp-json\/wp\/v2\/media?parent=626485"}],"wp:term":[{"taxonomy":"product_brand","embeddable":true,"href":"https:\/\/aukinkochile.com\/web\/wp-json\/wp\/v2\/product_brand?post=626485"},{"taxonomy":"product_cat","embeddable":true,"href":"https:\/\/aukinkochile.com\/web\/wp-json\/wp\/v2\/product_cat?post=626485"},{"taxonomy":"product_tag","embeddable":true,"href":"https:\/\/aukinkochile.com\/web\/wp-json\/wp\/v2\/product_tag?post=626485"}],"curies":[{"name":"wp","href":"https:\/\/api.w.org\/{rel}","templated":true}]}}