{"id":626481,"date":"2023-12-18T20:06:04","date_gmt":"2023-12-18T20:06:04","guid":{"rendered":"https:\/\/aukinkochile.com\/web\/producto\/colibri-pato-2\/"},"modified":"2025-04-14T17:38:03","modified_gmt":"2025-04-14T17:38:03","slug":"colibri-pato-2","status":"publish","type":"product","link":"https:\/\/aukinkochile.com\/web\/producto\/colibri-pato-2\/","title":{"rendered":"Colibr\u00ed Pato"},"content":{"rendered":"<p>El pato quack y sus aletas, es un compa\u00f1ero lindo para los primeros paseos de su bebe. Al empujarlo, hace batir sus alas de arriba abajo y hace un quack quack quack feliz.<\/p>\n<p><p><strong>Material : <\/strong> Pl\u00e1stico<\/p>\n<p><strong>C\u00f3digo Aukinko : <\/strong> 07-54180<\/p>\n<p><strong>C\u00f3digo Convenio Marco : <\/strong> <\/p>\n","protected":false},"excerpt":{"rendered":"<p>El pato quack y sus aletas, es un compa\u00f1ero lindo para los primeros paseos de su bebe. Al empujarlo, hace batir sus alas de arriba abajo y hace un quack quack quack feliz. Material : Pl\u00e1stico C\u00f3digo Aukinko : 07-54180 C\u00f3digo Convenio Marco :<\/p>\n","protected":false},"featured_media":626480,"comment_status":"open","ping_status":"closed","template":"","meta":{"_et_pb_use_builder":"","_et_pb_old_content":"","_et_gb_content_width":""},"product_brand":[],"product_cat":[91,18],"product_tag":[],"class_list":{"0":"post-626481","1":"product","2":"type-product","3":"status-publish","4":"has-post-thumbnail","6":"product_cat-accesorios-sala","7":"product_cat-motricidad-gruesa","8":"pa_edad-1-a-2-anos","9":"pa_edad-2-a-3-anos","10":"pa_marca-quercetti","11":"pa_medidas-55-x-18-x-10-cm","13":"first","14":"instock","15":"shipping-taxable","16":"purchasable","17":"product-type-simple"},"aioseo_notices":[],"_links":{"self":[{"href":"https:\/\/aukinkochile.com\/web\/wp-json\/wp\/v2\/product\/626481","targetHints":{"allow":["GET"]}}],"collection":[{"href":"https:\/\/aukinkochile.com\/web\/wp-json\/wp\/v2\/product"}],"about":[{"href":"https:\/\/aukinkochile.com\/web\/wp-json\/wp\/v2\/types\/product"}],"replies":[{"embeddable":true,"href":"https:\/\/aukinkochile.com\/web\/wp-json\/wp\/v2\/comments?post=626481"}],"wp:featuredmedia":[{"embeddable":true,"href":"https:\/\/aukinkochile.com\/web\/wp-json\/wp\/v2\/media\/626480"}],"wp:attachment":[{"href":"https:\/\/aukinkochile.com\/web\/wp-json\/wp\/v2\/media?parent=626481"}],"wp:term":[{"taxonomy":"product_brand","embeddable":true,"href":"https:\/\/aukinkochile.com\/web\/wp-json\/wp\/v2\/product_brand?post=626481"},{"taxonomy":"product_cat","embeddable":true,"href":"https:\/\/aukinkochile.com\/web\/wp-json\/wp\/v2\/product_cat?post=626481"},{"taxonomy":"product_tag","embeddable":true,"href":"https:\/\/aukinkochile.com\/web\/wp-json\/wp\/v2\/product_tag?post=626481"}],"curies":[{"name":"wp","href":"https:\/\/api.w.org\/{rel}","templated":true}]}}