{"id":626416,"date":"2023-12-18T19:49:22","date_gmt":"2023-12-18T19:49:22","guid":{"rendered":"https:\/\/aukinkochile.com\/web\/producto\/encaje-plastico-y-apilable-22-pz\/"},"modified":"2026-03-27T16:55:12","modified_gmt":"2026-03-27T16:55:12","slug":"encaje-plastico-y-apilable-22-pz","status":"publish","type":"product","link":"https:\/\/aukinkochile.com\/web\/producto\/encaje-plastico-y-apilable-22-pz\/","title":{"rendered":"Encaje Pl\u00e1stico y Apilable 22 pz"},"content":{"rendered":"<p>Mosaico de encaje y apilable. Contiene 21 bloques de diferentes modelos (6 x 4 cm di\u00e1metro) 6 piezas hexagonales en 2 colores, 4 piezas cuadradas, 4 piezas cil\u00edndricas, 6 broches en forma de flor, 1 sonajero chiodone y una tableta b\u00e1sica de pl\u00e1stico en forma de flor (34 cm di\u00e1metro). De material pl\u00e1stico, seguro, resistente de variados colores. <\/p>\n<p><p><strong>Material : <\/strong> Pl\u00e1stico<\/p>\n<p><strong>C\u00f3digo Aukinko : <\/strong> 07-54160<\/p>\n<p><strong>C\u00f3digo Convenio Marco : <\/strong> <\/p>\n","protected":false},"excerpt":{"rendered":"<p>Mosaico de encaje y apilable. Contiene 21 bloques de diferentes modelos (6 x 4 cm di\u00e1metro) 6 piezas hexagonales en 2 colores, 4 piezas cuadradas, 4 piezas cil\u00edndricas, 6 broches en forma de flor, 1 sonajero chiodone y una tableta b\u00e1sica de pl\u00e1stico en forma de flor (34 cm di\u00e1metro). De material pl\u00e1stico, seguro, resistente [&hellip;]<\/p>\n","protected":false},"featured_media":626415,"comment_status":"open","ping_status":"closed","template":"","meta":{"_et_pb_use_builder":"","_et_pb_old_content":"","_et_gb_content_width":""},"product_brand":[],"product_cat":[91,19,20],"product_tag":[],"class_list":{"0":"post-626416","1":"product","2":"type-product","3":"status-publish","4":"has-post-thumbnail","6":"product_cat-accesorios-sala","7":"product_cat-construccion","8":"product_cat-motricidad-fina","9":"pa_edad-1-a-2-anos","10":"pa_edad-2-a-3-anos","11":"pa_edad-3-a-4-anos","12":"pa_marca-quercetti","13":"pa_medidas-34-x-28-x-8-cm-caja","15":"first","16":"instock","17":"shipping-taxable","18":"purchasable","19":"product-type-simple"},"aioseo_notices":[],"_links":{"self":[{"href":"https:\/\/aukinkochile.com\/web\/wp-json\/wp\/v2\/product\/626416","targetHints":{"allow":["GET"]}}],"collection":[{"href":"https:\/\/aukinkochile.com\/web\/wp-json\/wp\/v2\/product"}],"about":[{"href":"https:\/\/aukinkochile.com\/web\/wp-json\/wp\/v2\/types\/product"}],"replies":[{"embeddable":true,"href":"https:\/\/aukinkochile.com\/web\/wp-json\/wp\/v2\/comments?post=626416"}],"wp:featuredmedia":[{"embeddable":true,"href":"https:\/\/aukinkochile.com\/web\/wp-json\/wp\/v2\/media\/626415"}],"wp:attachment":[{"href":"https:\/\/aukinkochile.com\/web\/wp-json\/wp\/v2\/media?parent=626416"}],"wp:term":[{"taxonomy":"product_brand","embeddable":true,"href":"https:\/\/aukinkochile.com\/web\/wp-json\/wp\/v2\/product_brand?post=626416"},{"taxonomy":"product_cat","embeddable":true,"href":"https:\/\/aukinkochile.com\/web\/wp-json\/wp\/v2\/product_cat?post=626416"},{"taxonomy":"product_tag","embeddable":true,"href":"https:\/\/aukinkochile.com\/web\/wp-json\/wp\/v2\/product_tag?post=626416"}],"curies":[{"name":"wp","href":"https:\/\/api.w.org\/{rel}","templated":true}]}}